{"id":823,"date":"2020-04-27T11:09:21","date_gmt":"2020-04-27T11:09:21","guid":{"rendered":"https:\/\/prolearn-project.eu\/strumento-elettronico-per-la-diagnosi-degli-stili-di-apprendimento-e-dei-processi-cognitivi-per-i-bambini-piu-grandi\/"},"modified":"2022-11-15T14:33:54","modified_gmt":"2022-11-15T14:33:54","slug":"strumento-elettronico-per-la-diagnosi-degli-stili-di-apprendimento-e-dei-processi-cognitivi-per-i-bambini-piu-grandi","status":"publish","type":"page","link":"https:\/\/prolearn-project.eu\/it\/strumento-elettronico-per-la-diagnosi-degli-stili-di-apprendimento-e-dei-processi-cognitivi-per-i-bambini-piu-grandi\/","title":{"rendered":"Strumento elettronico per la diagnosi degli stili di apprendimento e dei processi cognitivi per i bambini pi\u00f9 grandi"},"content":{"rendered":"<p>[vc_row][vc_column][dfd_spacer screen_wide_spacer_size=&#8221;80&#8243; screen_normal_resolution=&#8221;1024&#8243; screen_tablet_resolution=&#8221;800&#8243; screen_mobile_resolution=&#8221;480&#8243; screen_normal_spacer_size=&#8221;60&#8243; screen_tablet_spacer_size=&#8221;60&#8243; screen_mobile_spacer_size=&#8221;40&#8243;][vc_column_text]<\/p>\n<h3 style=\"text-align: center;\">Strumento elettronico per la diagnosi degli stili di apprendimento e dei processi cognitivi per i bambini pi\u00f9 grandi<\/h3>\n<p>[\/vc_column_text][dfd_single_image retina_image_size=&#8221;x2&#8243; image=&#8221;431&#8243; retina_image_x2=&#8221;436&#8243;][vc_column_text]<\/p>\n<h3 style=\"text-align: center;\">(da 11 a 14 anni)<\/h3>\n<p>[\/vc_column_text][dfd_spacer screen_wide_spacer_size=&#8221;80&#8243; screen_normal_resolution=&#8221;1024&#8243; screen_tablet_resolution=&#8221;800&#8243; screen_mobile_resolution=&#8221;480&#8243; screen_normal_spacer_size=&#8221;60&#8243; screen_tablet_spacer_size=&#8221;60&#8243; screen_mobile_spacer_size=&#8221;40&#8243;][vc_column_text]<\/p>\n<p style=\"text-align: justify;\">Il progetto prevede lo sviluppo di uno strumento elettronico multidimensionale per la diagnosi dello stile di apprendimento preferenziale e dei processi cognitivi dei bambini e degli adolescenti in et\u00e0 scolare (dagli 11 ai 14 anni). La base teorica e i presupposti dell\u2019Output 2 sono le stesse dell\u2019Output 1 (vedi Output 1). Lo strumento fornir\u00e0 all&#8217;allievo una diagnosi accurata dello stile di apprendimento preferenziale e dei processi cognitivi con l\u2019obiettivo di fornire agli insegnanti le conoscenze per adattare la metodologia di insegnamento alle esigenze e alle possibilit\u00e0 individuali dell&#8217;allievo. Questa diagnosi permetter\u00e0 all&#8217;insegnante di lavorare in modo pi\u00f9 efficace con lo studente per far emergere il suo potenziale e sviluppare le sue capacit\u00e0. Allo stesso tempo, i genitori riceveranno informazioni su come sostenere lo sviluppo dei loro figli nel processo di apprendimento. Lo sviluppo dell\u2019Output 2 per la diagnosi dello stile di apprendimento si baser\u00e0 sui tre concetti presentati nella sezione dedicata all\u2019Output 1.<\/p>\n<p style=\"text-align: justify;\">Lo strumento prevede un\u2019autovalutazione della propria funzione cognitiva e dello stile di apprendimento preferenziale.<\/p>\n<p style=\"text-align: justify;\">Inoltre, lo strumento includer\u00e0 una serie di compiti esecutivi (puzzle logici, matematici, rebus, labirinti, ecc.).<\/p>\n<p style=\"text-align: justify;\">Sar\u00e0 uno strumento standardizzato preparato secondo l&#8217;approccio psicometrico, quindi sar\u00e0 uno strumento oggettivo, standardizzato, preciso, affidabile e normalizzato per soddisfare tutte le condizioni e i requisiti per i test psicologici professionali definiti dal Laboratorio di Test Psicologici dell&#8217;Associazione Psicologica Polacca o dell&#8217;Associazione Psicologica Americana (APA). Lo strumento generer\u00e0 automaticamente un feedback individuale sul tema dello stile di apprendimento e delle capacit\u00e0 cognitive dominanti dello studente (ad esempio, attenzione, memoria a breve termine, memoria a lungo termine, immaginazione spaziale, creativit\u00e0, analisi e sintesi, pensiero logico, pensiero astratto, pensiero causa-effetto, pensiero per analogia, percettivit\u00e0). Sulla base dei risultati della diagnosi, il rapporto generato conterr\u00e0 una serie di suggerimenti per lo studente (come imparare in modo efficace) e per genitori e insegnanti (come insegnare al ragazzo in modo efficace e sostenere il suo sviluppo).<\/p>\n<p style=\"text-align: justify;\">Lo strumento sar\u00e0 accompagnato da un manuale contenente una descrizione della procedura di elaborazione dello strumento, le sue propriet\u00e0 psicometriche e consigli pratici su come utilizzare il test e i suoi risultati.<\/p>\n<p style=\"text-align: justify;\">Lo strumento proposto permetter\u00e0 una diagnosi affidabile e gratuita dei processi cognitivi e degli stili di apprendimento, senza il coinvolgimento di specialisti (psicologo, educatore). La diagnosi con questo strumento innovativo sar\u00e0 facilmente disponibile via Internet. Lo strumento elimina le barriere legate all&#8217;accesso universale dei bambini e dei giovani agli specialisti che effettuano diagnosi. Il test sar\u00e0 accessibile online tramite computer, laptop o smartphone, costituendo cos\u00ec un pratico strumento per coloro che altrimenti non potrebbero beneficiare di servizi professionali. Inoltre, il report generato automaticamente fornisce ai ragazzi, ai genitori e agli insegnanti ampie conoscenze sulla specificit\u00e0 dei processi cognitivi e degli stili di apprendimento, insieme alle linee guida proposte su come lavorare con il ragazzo. Permetter\u00e0 all&#8217;allievo di funzionare in modo pi\u00f9 efficace nel processo educativo in quanto accelerer\u00e0 il processo di apprendimento, aiuter\u00e0 a superare gli insuccessi scolastici e avr\u00e0 un impatto positivo sull&#8217;autostima e sull&#8217;autoefficacia dei bambini e dei ragazzi. Lo strumento proposto sosterr\u00e0 gli studenti con bisogni educativi speciali nell\u2019adempiere agli obblighi educativi riducendo l\u2019abbandono del percorso di istruzione e limitando il rischio di esclusione sociale.<\/p>\n<p>[\/vc_column_text][\/vc_column][\/vc_row][vc_row][vc_column][vc_empty_space height=&#8221;50px&#8221;][dfd_button button_text=&#8221;PRO-LEARN Teens&#8221; main_style=&#8221;style-2&#8243; buttom_link_src=&#8221;url:https%3A%2F%2Fprolearn-teens.oic.lublin.pl%2Fit|target:_blank&#8221; tutorials=&#8221;&#8221; undefined=&#8221;&#8221; box_shadow=&#8221;box_shadow_enable:disable|shadow_horizontal:0|shadow_vertical:15|shadow_blur:50|shadow_spread:0|box_shadow_color:rgba(0%2C0%2C0%2C0.35)&#8221; hover_box_shadow=&#8221;box_shadow_enable:disable|shadow_horizontal:0|shadow_vertical:15|shadow_blur:50|shadow_spread:0|box_shadow_color:rgba(0%2C0%2C0%2C0.35)&#8221;][\/vc_column][\/vc_row]<\/p>\n","protected":false},"excerpt":{"rendered":"<p>[vc_row][vc_column][dfd_spacer screen_wide_spacer_size=&#8221;80&#8243; screen_normal_resolution=&#8221;1024&#8243; screen_tablet_resolution=&#8221;800&#8243; screen_mobile_resolution=&#8221;480&#8243; screen_normal_spacer_size=&#8221;60&#8243; screen_tablet_spacer_size=&#8221;60&#8243; screen_mobile_spacer_size=&#8221;40&#8243;][vc_column_text] Strumento elettronico per la diagnosi degli stili di apprendimento e dei processi cognitivi per i bambini pi\u00f9 grandi [\/vc_column_text][dfd_single_image retina_image_size=&#8221;x2&#8243; image=&#8221;431&#8243; retina_image_x2=&#8221;436&#8243;][vc_column_text]<\/p>\n","protected":false},"author":2,"featured_media":749,"parent":0,"menu_order":0,"comment_status":"closed","ping_status":"closed","template":"","meta":[],"yoast_head":"<!-- This site is optimized with the Yoast SEO plugin v19.6 - https:\/\/yoast.com\/wordpress\/plugins\/seo\/ -->\n<title>Strumento elettronico per la diagnosi degli stili di apprendimento e dei processi cognitivi per i bambini pi\u00f9 grandi - PROLEARN<\/title>\n<meta name=\"robots\" content=\"index, follow, max-snippet:-1, max-image-preview:large, max-video-preview:-1\" \/>\n<link rel=\"canonical\" href=\"https:\/\/prolearn-project.eu\/it\/strumento-elettronico-per-la-diagnosi-degli-stili-di-apprendimento-e-dei-processi-cognitivi-per-i-bambini-piu-grandi\/\" \/>\n<meta property=\"og:locale\" content=\"it_IT\" \/>\n<meta property=\"og:type\" content=\"article\" \/>\n<meta property=\"og:title\" content=\"Strumento elettronico per la diagnosi degli stili di apprendimento e dei processi cognitivi per i bambini pi\u00f9 grandi - PROLEARN\" \/>\n<meta property=\"og:description\" content=\"[vc_row][vc_column][dfd_spacer screen_wide_spacer_size=&#8221;80&#8243; screen_normal_resolution=&#8221;1024&#8243; screen_tablet_resolution=&#8221;800&#8243; screen_mobile_resolution=&#8221;480&#8243; screen_normal_spacer_size=&#8221;60&#8243; screen_tablet_spacer_size=&#8221;60&#8243; screen_mobile_spacer_size=&#8221;40&#8243;][vc_column_text] Strumento elettronico per la diagnosi degli stili di apprendimento e dei processi cognitivi per i bambini pi\u00f9 grandi [\/vc_column_text][dfd_single_image retina_image_size=&#8221;x2&#8243; image=&#8221;431&#8243; retina_image_x2=&#8221;436&#8243;][vc_column_text]\" \/>\n<meta property=\"og:url\" content=\"https:\/\/prolearn-project.eu\/it\/strumento-elettronico-per-la-diagnosi-degli-stili-di-apprendimento-e-dei-processi-cognitivi-per-i-bambini-piu-grandi\/\" \/>\n<meta property=\"og:site_name\" content=\"PROLEARN\" \/>\n<meta property=\"article:publisher\" content=\"https:\/\/www.facebook.com\/prolearn.eu\/\" \/>\n<meta property=\"article:modified_time\" content=\"2022-11-15T14:33:54+00:00\" \/>\n<meta property=\"og:image\" content=\"https:\/\/prolearn-project.eu\/wp-content\/uploads\/2020\/03\/featured-image-Electronic-tool-older-children.jpg\" \/>\n\t<meta property=\"og:image:width\" content=\"1200\" \/>\n\t<meta property=\"og:image:height\" content=\"630\" \/>\n\t<meta property=\"og:image:type\" content=\"image\/jpeg\" \/>\n<meta name=\"twitter:card\" content=\"summary_large_image\" \/>\n<meta name=\"twitter:label1\" content=\"Tempo di lettura stimato\" \/>\n\t<meta name=\"twitter:data1\" content=\"3 minuti\" \/>\n<script type=\"application\/ld+json\" class=\"yoast-schema-graph\">{\"@context\":\"https:\/\/schema.org\",\"@graph\":[{\"@type\":\"WebPage\",\"@id\":\"https:\/\/prolearn-project.eu\/it\/strumento-elettronico-per-la-diagnosi-degli-stili-di-apprendimento-e-dei-processi-cognitivi-per-i-bambini-piu-grandi\/\",\"url\":\"https:\/\/prolearn-project.eu\/it\/strumento-elettronico-per-la-diagnosi-degli-stili-di-apprendimento-e-dei-processi-cognitivi-per-i-bambini-piu-grandi\/\",\"name\":\"Strumento elettronico per la diagnosi degli stili di apprendimento e dei processi cognitivi per i bambini pi\u00f9 grandi - PROLEARN\",\"isPartOf\":{\"@id\":\"https:\/\/prolearn-project.eu\/#website\"},\"datePublished\":\"2020-04-27T11:09:21+00:00\",\"dateModified\":\"2022-11-15T14:33:54+00:00\",\"breadcrumb\":{\"@id\":\"https:\/\/prolearn-project.eu\/it\/strumento-elettronico-per-la-diagnosi-degli-stili-di-apprendimento-e-dei-processi-cognitivi-per-i-bambini-piu-grandi\/#breadcrumb\"},\"inLanguage\":\"it-IT\",\"potentialAction\":[{\"@type\":\"ReadAction\",\"target\":[\"https:\/\/prolearn-project.eu\/it\/strumento-elettronico-per-la-diagnosi-degli-stili-di-apprendimento-e-dei-processi-cognitivi-per-i-bambini-piu-grandi\/\"]}]},{\"@type\":\"BreadcrumbList\",\"@id\":\"https:\/\/prolearn-project.eu\/it\/strumento-elettronico-per-la-diagnosi-degli-stili-di-apprendimento-e-dei-processi-cognitivi-per-i-bambini-piu-grandi\/#breadcrumb\",\"itemListElement\":[{\"@type\":\"ListItem\",\"position\":1,\"name\":\"Home\",\"item\":\"https:\/\/prolearn-project.eu\/it\/\"},{\"@type\":\"ListItem\",\"position\":2,\"name\":\"Strumento elettronico per la diagnosi degli stili di apprendimento e dei processi cognitivi per i bambini pi\u00f9 grandi\"}]},{\"@type\":\"WebSite\",\"@id\":\"https:\/\/prolearn-project.eu\/#website\",\"url\":\"https:\/\/prolearn-project.eu\/\",\"name\":\"PROLEARN\",\"description\":\"How to upskill Teachers in the new era\",\"potentialAction\":[{\"@type\":\"SearchAction\",\"target\":{\"@type\":\"EntryPoint\",\"urlTemplate\":\"https:\/\/prolearn-project.eu\/?s={search_term_string}\"},\"query-input\":\"required name=search_term_string\"}],\"inLanguage\":\"it-IT\"}]}<\/script>\n<!-- \/ Yoast SEO plugin. -->","yoast_head_json":{"title":"Strumento elettronico per la diagnosi degli stili di apprendimento e dei processi cognitivi per i bambini pi\u00f9 grandi - PROLEARN","robots":{"index":"index","follow":"follow","max-snippet":"max-snippet:-1","max-image-preview":"max-image-preview:large","max-video-preview":"max-video-preview:-1"},"canonical":"https:\/\/prolearn-project.eu\/it\/strumento-elettronico-per-la-diagnosi-degli-stili-di-apprendimento-e-dei-processi-cognitivi-per-i-bambini-piu-grandi\/","og_locale":"it_IT","og_type":"article","og_title":"Strumento elettronico per la diagnosi degli stili di apprendimento e dei processi cognitivi per i bambini pi\u00f9 grandi - PROLEARN","og_description":"[vc_row][vc_column][dfd_spacer screen_wide_spacer_size=&#8221;80&#8243; screen_normal_resolution=&#8221;1024&#8243; screen_tablet_resolution=&#8221;800&#8243; screen_mobile_resolution=&#8221;480&#8243; screen_normal_spacer_size=&#8221;60&#8243; screen_tablet_spacer_size=&#8221;60&#8243; screen_mobile_spacer_size=&#8221;40&#8243;][vc_column_text] Strumento elettronico per la diagnosi degli stili di apprendimento e dei processi cognitivi per i bambini pi\u00f9 grandi [\/vc_column_text][dfd_single_image retina_image_size=&#8221;x2&#8243; image=&#8221;431&#8243; retina_image_x2=&#8221;436&#8243;][vc_column_text]","og_url":"https:\/\/prolearn-project.eu\/it\/strumento-elettronico-per-la-diagnosi-degli-stili-di-apprendimento-e-dei-processi-cognitivi-per-i-bambini-piu-grandi\/","og_site_name":"PROLEARN","article_publisher":"https:\/\/www.facebook.com\/prolearn.eu\/","article_modified_time":"2022-11-15T14:33:54+00:00","og_image":[{"width":1200,"height":630,"url":"https:\/\/prolearn-project.eu\/wp-content\/uploads\/2020\/03\/featured-image-Electronic-tool-older-children.jpg","type":"image\/jpeg"}],"twitter_card":"summary_large_image","twitter_misc":{"Tempo di lettura stimato":"3 minuti"},"schema":{"@context":"https:\/\/schema.org","@graph":[{"@type":"WebPage","@id":"https:\/\/prolearn-project.eu\/it\/strumento-elettronico-per-la-diagnosi-degli-stili-di-apprendimento-e-dei-processi-cognitivi-per-i-bambini-piu-grandi\/","url":"https:\/\/prolearn-project.eu\/it\/strumento-elettronico-per-la-diagnosi-degli-stili-di-apprendimento-e-dei-processi-cognitivi-per-i-bambini-piu-grandi\/","name":"Strumento elettronico per la diagnosi degli stili di apprendimento e dei processi cognitivi per i bambini pi\u00f9 grandi - PROLEARN","isPartOf":{"@id":"https:\/\/prolearn-project.eu\/#website"},"datePublished":"2020-04-27T11:09:21+00:00","dateModified":"2022-11-15T14:33:54+00:00","breadcrumb":{"@id":"https:\/\/prolearn-project.eu\/it\/strumento-elettronico-per-la-diagnosi-degli-stili-di-apprendimento-e-dei-processi-cognitivi-per-i-bambini-piu-grandi\/#breadcrumb"},"inLanguage":"it-IT","potentialAction":[{"@type":"ReadAction","target":["https:\/\/prolearn-project.eu\/it\/strumento-elettronico-per-la-diagnosi-degli-stili-di-apprendimento-e-dei-processi-cognitivi-per-i-bambini-piu-grandi\/"]}]},{"@type":"BreadcrumbList","@id":"https:\/\/prolearn-project.eu\/it\/strumento-elettronico-per-la-diagnosi-degli-stili-di-apprendimento-e-dei-processi-cognitivi-per-i-bambini-piu-grandi\/#breadcrumb","itemListElement":[{"@type":"ListItem","position":1,"name":"Home","item":"https:\/\/prolearn-project.eu\/it\/"},{"@type":"ListItem","position":2,"name":"Strumento elettronico per la diagnosi degli stili di apprendimento e dei processi cognitivi per i bambini pi\u00f9 grandi"}]},{"@type":"WebSite","@id":"https:\/\/prolearn-project.eu\/#website","url":"https:\/\/prolearn-project.eu\/","name":"PROLEARN","description":"How to upskill Teachers in the new era","potentialAction":[{"@type":"SearchAction","target":{"@type":"EntryPoint","urlTemplate":"https:\/\/prolearn-project.eu\/?s={search_term_string}"},"query-input":"required name=search_term_string"}],"inLanguage":"it-IT"}]}},"_links":{"self":[{"href":"https:\/\/prolearn-project.eu\/it\/wp-json\/wp\/v2\/pages\/823"}],"collection":[{"href":"https:\/\/prolearn-project.eu\/it\/wp-json\/wp\/v2\/pages"}],"about":[{"href":"https:\/\/prolearn-project.eu\/it\/wp-json\/wp\/v2\/types\/page"}],"author":[{"embeddable":true,"href":"https:\/\/prolearn-project.eu\/it\/wp-json\/wp\/v2\/users\/2"}],"replies":[{"embeddable":true,"href":"https:\/\/prolearn-project.eu\/it\/wp-json\/wp\/v2\/comments?post=823"}],"version-history":[{"count":4,"href":"https:\/\/prolearn-project.eu\/it\/wp-json\/wp\/v2\/pages\/823\/revisions"}],"predecessor-version":[{"id":2423,"href":"https:\/\/prolearn-project.eu\/it\/wp-json\/wp\/v2\/pages\/823\/revisions\/2423"}],"wp:featuredmedia":[{"embeddable":true,"href":"https:\/\/prolearn-project.eu\/it\/wp-json\/wp\/v2\/media\/749"}],"wp:attachment":[{"href":"https:\/\/prolearn-project.eu\/it\/wp-json\/wp\/v2\/media?parent=823"}],"curies":[{"name":"wp","href":"https:\/\/api.w.org\/{rel}","templated":true}]}}