{"id":827,"date":"2020-04-27T11:51:10","date_gmt":"2020-04-27T11:51:10","guid":{"rendered":"https:\/\/prolearn-project.eu\/toolkit-educativo-per-gli-studenti\/"},"modified":"2022-10-26T13:06:55","modified_gmt":"2022-10-26T13:06:55","slug":"toolkit-educativo-per-gli-studenti","status":"publish","type":"page","link":"https:\/\/prolearn-project.eu\/it\/toolkit-educativo-per-gli-studenti\/","title":{"rendered":"Toolkit Educativo per gli studenti"},"content":{"rendered":"<p>[vc_row][vc_column][dfd_spacer screen_wide_spacer_size=&#8221;80&#8243; screen_normal_resolution=&#8221;1024&#8243; screen_tablet_resolution=&#8221;800&#8243; screen_mobile_resolution=&#8221;480&#8243; screen_normal_spacer_size=&#8221;60&#8243; screen_tablet_spacer_size=&#8221;60&#8243; screen_mobile_spacer_size=&#8221;40&#8243;][vc_column_text]<\/p>\n<h3 style=\"text-align: center;\">Giochi e compiti educativi per gli studenti<\/h3>\n<p>[\/vc_column_text][dfd_single_image retina_image_size=&#8221;x2&#8243; image=&#8221;455&#8243; retina_image_x2=&#8221;460&#8243;][vc_column_text]<\/p>\n<p style=\"text-align: justify;\">L&#8217;obiettivo di questo prodotto \u00e8 sviluppare le funzioni cognitive e sostenere gli studenti nello sviluppo di capacit\u00e0 di apprendimento efficaci, utilizzando le risorse e il pieno potenziale del cervello. Il prodotto contiene una serie unica di brevi esercizi per sostenere\/sviluppare i processi cognitivi favorevoli a un apprendimento efficace ed esercizi che sviluppano varie tecniche e metodi di apprendimento. Il prodotto sar\u00e0 utilizzato da studenti di et\u00e0 compresa tra i 6 e i 14 anni. Gli esercizi saranno suddivisi in tre gruppi di et\u00e0: 6-7 anni, 8-10 anni e 11-14 anni. Tale suddivisione \u00e8 dettata dal livello di sviluppo intellettuale degli studenti e dalla necessit\u00e0 di adattare il livello di difficolt\u00e0 e la portata di particolari compiti\/esercizi. In totale sono stati sviluppati 56 esercizi per le tre fasce d&#8217;et\u00e0: 13 esercizi per i 6-7 anni, 20 esercizi per gli 8-10 anni e 25 esercizi per gli 11-14 anni.<\/p>\n<p style=\"text-align: justify;\">Nel toolkit la maggior parte dei giochi\/esercizi include diversi livelli di difficolt\u00e0, in modo da garantire che gli studenti possano allenare le loro abilit\u00e0 in diverse categorie come: Memoria, Pensiero, Attenzione, Percezione e Apprendimento efficace. Pu\u00f2 essere un programma di sviluppo per 30 giorni. Ogni giorno lo studente pu\u00f2 apprendere nuove informazioni sull&#8217;apprendimento efficace (video) o sviluppare il potenziale del suo cervello (esercizi, compiti). Inoltre, il prodotto pu\u00f2 essere utilizzato dagli insegnanti durante le lezioni e dai genitori interessati a sostenere i bambini nell&#8217;apprendimento efficace.<\/p>\n<p style=\"text-align: justify;\">La piattaforma Internet contiene giochi e attivit\u00e0 che hanno la forma di puzzle, labirinti, attivit\u00e0 che sviluppano l&#8217;immaginazione spaziale, attivit\u00e0 che richiedono concentrazione o coordinazione visuo-motoria. Questi esercizi includono i seguenti esempi: (1) risolvere enigmi logici e matematici (2) regolare sullo schermo di uno smartphone\/tablet gli elementi per creare un&#8217;immagine (3) trovare le stringhe delle lettere indicate nel compito (4) contare su immagini tridimensionali, ad esempio quanti quadrati sono stati utilizzati per costruire una determinata struttura (5) contare velocemente le cifre indicate, tra le tante visualizzate sullo schermo (6) rispondere velocemente e premere, ad esempio, sugli elementi emergenti (7) trovare la strada verso la meta &#8211; labirinti. L&#8217;esecuzione di questi compiti da parte dello studente stimoler\u00e0 il potenziale del cervello &#8211; lo sviluppo delle funzioni cognitive di bambini e adolescenti. L&#8217;idea di questa soluzione \u00e8 di sviluppare attraverso il gioco, utilizzando le moderne tecnologie e uno smartphone o un tablet.<\/p>\n<p style=\"text-align: justify;\">Inoltre, l&#8217;applicazione contiene brevi video (cartoni animati di 2-3 minuti) con buoni consigli per un apprendimento efficace. Dopo averli guardati, lo studente ricever\u00e0 un compito da svolgere, ad esempio implementare gli spunti del filmato nel processo di apprendimento. Tutti i risultati del progetto hanno un potenziale di trasferimento e sfruttamento in altri Paesi europei.<\/p>\n<p style=\"text-align: justify;\">Giochi e compiti educativi L&#8217;autore \u00e8 il solo responsabile di questa comunicazione (sito web) e la Commissione declina ogni responsabilit\u00e0 sull&#8217;uso che potr\u00e0 essere fatto delle informazioni in essa contenute.<\/p>\n<p>[\/vc_column_text][dfd_spacer screen_wide_spacer_size=&#8221;50&#8243; screen_normal_resolution=&#8221;1024&#8243; screen_tablet_resolution=&#8221;800&#8243; screen_mobile_resolution=&#8221;480&#8243;][\/vc_column][\/vc_row][vc_row][vc_column][dfd_button button_text=&#8221;Esercizi&#8221; main_style=&#8221;style-2&#8243; buttom_link_src=&#8221;url:https%3A%2F%2Fit.exercises.prolearn-project.eu%2F|target:_blank&#8221; undefined=&#8221;&#8221; box_shadow=&#8221;box_shadow_enable:disable|shadow_horizontal:0|shadow_vertical:15|shadow_blur:50|shadow_spread:0|box_shadow_color:rgba(0%2C0%2C0%2C0.35)&#8221; hover_box_shadow=&#8221;box_shadow_enable:disable|shadow_horizontal:0|shadow_vertical:15|shadow_blur:50|shadow_spread:0|box_shadow_color:rgba(0%2C0%2C0%2C0.35)&#8221;][\/vc_column][\/vc_row]<\/p>\n","protected":false},"excerpt":{"rendered":"<p>[vc_row][vc_column][dfd_spacer screen_wide_spacer_size=&#8221;80&#8243; screen_normal_resolution=&#8221;1024&#8243; screen_tablet_resolution=&#8221;800&#8243; screen_mobile_resolution=&#8221;480&#8243; screen_normal_spacer_size=&#8221;60&#8243; screen_tablet_spacer_size=&#8221;60&#8243; screen_mobile_spacer_size=&#8221;40&#8243;][vc_column_text] Giochi e compiti educativi per gli studenti [\/vc_column_text][dfd_single_image retina_image_size=&#8221;x2&#8243; image=&#8221;455&#8243; retina_image_x2=&#8221;460&#8243;][vc_column_text] L&#8217;obiettivo di questo prodotto \u00e8 sviluppare le funzioni cognitive e sostenere<\/p>\n","protected":false},"author":2,"featured_media":744,"parent":0,"menu_order":0,"comment_status":"closed","ping_status":"closed","template":"","meta":[],"yoast_head":"<!-- This site is optimized with the Yoast SEO plugin v19.6 - https:\/\/yoast.com\/wordpress\/plugins\/seo\/ -->\n<title>Toolkit Educativo per gli studenti - PROLEARN<\/title>\n<meta name=\"robots\" content=\"index, follow, max-snippet:-1, max-image-preview:large, max-video-preview:-1\" \/>\n<link rel=\"canonical\" href=\"https:\/\/prolearn-project.eu\/it\/toolkit-educativo-per-gli-studenti\/\" \/>\n<meta property=\"og:locale\" content=\"it_IT\" \/>\n<meta property=\"og:type\" content=\"article\" \/>\n<meta property=\"og:title\" content=\"Toolkit Educativo per gli studenti - PROLEARN\" \/>\n<meta property=\"og:description\" content=\"[vc_row][vc_column][dfd_spacer screen_wide_spacer_size=&#8221;80&#8243; screen_normal_resolution=&#8221;1024&#8243; screen_tablet_resolution=&#8221;800&#8243; screen_mobile_resolution=&#8221;480&#8243; screen_normal_spacer_size=&#8221;60&#8243; screen_tablet_spacer_size=&#8221;60&#8243; screen_mobile_spacer_size=&#8221;40&#8243;][vc_column_text] Giochi e compiti educativi per gli studenti [\/vc_column_text][dfd_single_image retina_image_size=&#8221;x2&#8243; image=&#8221;455&#8243; retina_image_x2=&#8221;460&#8243;][vc_column_text] L&#8217;obiettivo di questo prodotto \u00e8 sviluppare le funzioni cognitive e sostenere\" \/>\n<meta property=\"og:url\" content=\"https:\/\/prolearn-project.eu\/it\/toolkit-educativo-per-gli-studenti\/\" \/>\n<meta property=\"og:site_name\" content=\"PROLEARN\" \/>\n<meta property=\"article:publisher\" content=\"https:\/\/www.facebook.com\/prolearn.eu\/\" \/>\n<meta property=\"article:modified_time\" content=\"2022-10-26T13:06:55+00:00\" \/>\n<meta property=\"og:image\" content=\"https:\/\/prolearn-project.eu\/wp-content\/uploads\/2020\/03\/featured-image-Educational-Toolkit.jpg\" \/>\n\t<meta property=\"og:image:width\" content=\"1200\" \/>\n\t<meta property=\"og:image:height\" content=\"630\" \/>\n\t<meta property=\"og:image:type\" content=\"image\/jpeg\" \/>\n<meta name=\"twitter:card\" content=\"summary_large_image\" \/>\n<meta name=\"twitter:label1\" content=\"Tempo di lettura stimato\" \/>\n\t<meta name=\"twitter:data1\" content=\"3 minuti\" \/>\n<script type=\"application\/ld+json\" class=\"yoast-schema-graph\">{\"@context\":\"https:\/\/schema.org\",\"@graph\":[{\"@type\":\"WebPage\",\"@id\":\"https:\/\/prolearn-project.eu\/it\/toolkit-educativo-per-gli-studenti\/\",\"url\":\"https:\/\/prolearn-project.eu\/it\/toolkit-educativo-per-gli-studenti\/\",\"name\":\"Toolkit Educativo per gli studenti - PROLEARN\",\"isPartOf\":{\"@id\":\"https:\/\/prolearn-project.eu\/#website\"},\"datePublished\":\"2020-04-27T11:51:10+00:00\",\"dateModified\":\"2022-10-26T13:06:55+00:00\",\"breadcrumb\":{\"@id\":\"https:\/\/prolearn-project.eu\/it\/toolkit-educativo-per-gli-studenti\/#breadcrumb\"},\"inLanguage\":\"it-IT\",\"potentialAction\":[{\"@type\":\"ReadAction\",\"target\":[\"https:\/\/prolearn-project.eu\/it\/toolkit-educativo-per-gli-studenti\/\"]}]},{\"@type\":\"BreadcrumbList\",\"@id\":\"https:\/\/prolearn-project.eu\/it\/toolkit-educativo-per-gli-studenti\/#breadcrumb\",\"itemListElement\":[{\"@type\":\"ListItem\",\"position\":1,\"name\":\"Home\",\"item\":\"https:\/\/prolearn-project.eu\/it\/\"},{\"@type\":\"ListItem\",\"position\":2,\"name\":\"Toolkit Educativo per gli studenti\"}]},{\"@type\":\"WebSite\",\"@id\":\"https:\/\/prolearn-project.eu\/#website\",\"url\":\"https:\/\/prolearn-project.eu\/\",\"name\":\"PROLEARN\",\"description\":\"How to upskill Teachers in the new era\",\"potentialAction\":[{\"@type\":\"SearchAction\",\"target\":{\"@type\":\"EntryPoint\",\"urlTemplate\":\"https:\/\/prolearn-project.eu\/?s={search_term_string}\"},\"query-input\":\"required name=search_term_string\"}],\"inLanguage\":\"it-IT\"}]}<\/script>\n<!-- \/ Yoast SEO plugin. -->","yoast_head_json":{"title":"Toolkit Educativo per gli studenti - PROLEARN","robots":{"index":"index","follow":"follow","max-snippet":"max-snippet:-1","max-image-preview":"max-image-preview:large","max-video-preview":"max-video-preview:-1"},"canonical":"https:\/\/prolearn-project.eu\/it\/toolkit-educativo-per-gli-studenti\/","og_locale":"it_IT","og_type":"article","og_title":"Toolkit Educativo per gli studenti - PROLEARN","og_description":"[vc_row][vc_column][dfd_spacer screen_wide_spacer_size=&#8221;80&#8243; screen_normal_resolution=&#8221;1024&#8243; screen_tablet_resolution=&#8221;800&#8243; screen_mobile_resolution=&#8221;480&#8243; screen_normal_spacer_size=&#8221;60&#8243; screen_tablet_spacer_size=&#8221;60&#8243; screen_mobile_spacer_size=&#8221;40&#8243;][vc_column_text] Giochi e compiti educativi per gli studenti [\/vc_column_text][dfd_single_image retina_image_size=&#8221;x2&#8243; image=&#8221;455&#8243; retina_image_x2=&#8221;460&#8243;][vc_column_text] L&#8217;obiettivo di questo prodotto \u00e8 sviluppare le funzioni cognitive e sostenere","og_url":"https:\/\/prolearn-project.eu\/it\/toolkit-educativo-per-gli-studenti\/","og_site_name":"PROLEARN","article_publisher":"https:\/\/www.facebook.com\/prolearn.eu\/","article_modified_time":"2022-10-26T13:06:55+00:00","og_image":[{"width":1200,"height":630,"url":"https:\/\/prolearn-project.eu\/wp-content\/uploads\/2020\/03\/featured-image-Educational-Toolkit.jpg","type":"image\/jpeg"}],"twitter_card":"summary_large_image","twitter_misc":{"Tempo di lettura stimato":"3 minuti"},"schema":{"@context":"https:\/\/schema.org","@graph":[{"@type":"WebPage","@id":"https:\/\/prolearn-project.eu\/it\/toolkit-educativo-per-gli-studenti\/","url":"https:\/\/prolearn-project.eu\/it\/toolkit-educativo-per-gli-studenti\/","name":"Toolkit Educativo per gli studenti - PROLEARN","isPartOf":{"@id":"https:\/\/prolearn-project.eu\/#website"},"datePublished":"2020-04-27T11:51:10+00:00","dateModified":"2022-10-26T13:06:55+00:00","breadcrumb":{"@id":"https:\/\/prolearn-project.eu\/it\/toolkit-educativo-per-gli-studenti\/#breadcrumb"},"inLanguage":"it-IT","potentialAction":[{"@type":"ReadAction","target":["https:\/\/prolearn-project.eu\/it\/toolkit-educativo-per-gli-studenti\/"]}]},{"@type":"BreadcrumbList","@id":"https:\/\/prolearn-project.eu\/it\/toolkit-educativo-per-gli-studenti\/#breadcrumb","itemListElement":[{"@type":"ListItem","position":1,"name":"Home","item":"https:\/\/prolearn-project.eu\/it\/"},{"@type":"ListItem","position":2,"name":"Toolkit Educativo per gli studenti"}]},{"@type":"WebSite","@id":"https:\/\/prolearn-project.eu\/#website","url":"https:\/\/prolearn-project.eu\/","name":"PROLEARN","description":"How to upskill Teachers in the new era","potentialAction":[{"@type":"SearchAction","target":{"@type":"EntryPoint","urlTemplate":"https:\/\/prolearn-project.eu\/?s={search_term_string}"},"query-input":"required name=search_term_string"}],"inLanguage":"it-IT"}]}},"_links":{"self":[{"href":"https:\/\/prolearn-project.eu\/it\/wp-json\/wp\/v2\/pages\/827"}],"collection":[{"href":"https:\/\/prolearn-project.eu\/it\/wp-json\/wp\/v2\/pages"}],"about":[{"href":"https:\/\/prolearn-project.eu\/it\/wp-json\/wp\/v2\/types\/page"}],"author":[{"embeddable":true,"href":"https:\/\/prolearn-project.eu\/it\/wp-json\/wp\/v2\/users\/2"}],"replies":[{"embeddable":true,"href":"https:\/\/prolearn-project.eu\/it\/wp-json\/wp\/v2\/comments?post=827"}],"version-history":[{"count":3,"href":"https:\/\/prolearn-project.eu\/it\/wp-json\/wp\/v2\/pages\/827\/revisions"}],"predecessor-version":[{"id":2283,"href":"https:\/\/prolearn-project.eu\/it\/wp-json\/wp\/v2\/pages\/827\/revisions\/2283"}],"wp:featuredmedia":[{"embeddable":true,"href":"https:\/\/prolearn-project.eu\/it\/wp-json\/wp\/v2\/media\/744"}],"wp:attachment":[{"href":"https:\/\/prolearn-project.eu\/it\/wp-json\/wp\/v2\/media?parent=827"}],"curies":[{"name":"wp","href":"https:\/\/api.w.org\/{rel}","templated":true}]}}