{"id":887,"date":"2020-06-12T14:56:22","date_gmt":"2020-06-12T14:56:22","guid":{"rendered":"https:\/\/prolearn-project.eu\/o-projekcie\/"},"modified":"2022-10-27T08:32:35","modified_gmt":"2022-10-27T08:32:35","slug":"o-projekcie","status":"publish","type":"page","link":"https:\/\/prolearn-project.eu\/pl\/o-projekcie\/","title":{"rendered":"O PROJEKCIE"},"content":{"rendered":"<p>[vc_row][vc_column][dfd_spacer screen_wide_spacer_size=&#8221;100&#8243; screen_normal_resolution=&#8221;1024&#8243; screen_tablet_resolution=&#8221;800&#8243; screen_mobile_resolution=&#8221;480&#8243; screen_normal_spacer_size=&#8221;100&#8243; screen_tablet_spacer_size=&#8221;80&#8243; screen_mobile_spacer_size=&#8221;60&#8243;][\/vc_column][\/vc_row][vc_row][vc_column][vc_custom_heading text=&#8221;Projekt PRO-LEARN&#8221; font_container=&#8221;tag:h2|text_align:center&#8221; use_theme_fonts=&#8221;yes&#8221;][vc_column_text]<\/p>\n<blockquote>\n<p style=\"text-align: center;\">Wspieranie procesu uczenia si\u0119 i zdolno\u015bci poznawczych dzieci poprzez holistyczne podej\u015bcie oraz innowacyjne metody.<\/p>\n<\/blockquote>\n<p>[\/vc_column_text][dfd_single_image retina_image_size=&#8221;x2&#8243; image=&#8221;479&#8243; retina_image_x2=&#8221;484&#8243;][vc_column_text]<\/p>\n<p style=\"text-align: justify;\">Projekt PRO-LEARN jest zgodny z priorytetami Europy 2020 w zakresie edukacji i szkolenia, m\u0142odzie\u017cy i zapobiegania zjawisku przedwczesnego ko\u0144czenia nauki w kontek\u015bcie globalizacji i integracji rynku pracy. Zgodnie z komunikatem Komisji Europejskiej na temat walki ze zjawiskiem przedwczesnego ko\u0144czenia nauki (2011), systemy edukacji i szkole\u0144 nie zapewniaj\u0105 wystarczaj\u0105cego wsparcia uczniom w radzeniu sobie z problemami emocjonalnymi, spo\u0142ecznymi i edukacyjnymi oraz wystarczaj\u0105cej pomocy, aby zatrzyma\u0107 m\u0142odzie\u017c w systemie edukacji i szkole\u0144.<\/p>\n<p style=\"text-align: justify;\">Konsorcjum projektu sk\u0142ada si\u0119 z 6 partner\u00f3w (instytucje publiczne, organizacje pozarz\u0105dowe, M\u015aP) z Polski, W\u0142och, Rumunii, Cypru i Grecji, dzia\u0142aj\u0105cych w obszarze edukacji i szkole\u0144. Okres realizacji projektu: 36 miesi\u0105ce.<\/p>\n<p>[\/vc_column_text][dfd_spacer screen_wide_spacer_size=&#8221;60&#8243; screen_normal_resolution=&#8221;1024&#8243; screen_tablet_resolution=&#8221;800&#8243; screen_mobile_resolution=&#8221;480&#8243; screen_normal_spacer_size=&#8221;60&#8243; screen_tablet_spacer_size=&#8221;40&#8243; screen_mobile_spacer_size=&#8221;30&#8243;][\/vc_column][\/vc_row][vc_row][vc_column][vc_custom_heading text=&#8221;Cele&#8221; font_container=&#8221;tag:h2|text_align:center&#8221; use_theme_fonts=&#8221;yes&#8221;][dfd_single_image retina_image_size=&#8221;x2&#8243; image=&#8221;499&#8243; retina_image_x2=&#8221;504&#8243;][vc_column_text]Projekt ma na celu:<\/p>\n<ul>\n<li>Ograniczenie zjawiska przedwczesnego ko\u0144czenia nauki poprzez usprawnienie procesu uczenia si\u0119<\/li>\n<li>Rozwi\u0105zanie problemu niedoboru specjalist\u00f3w w szko\u0142ach (psycholodzy, pedagodzy)<\/li>\n<li>Zwi\u0119kszenie zaanga\u017cowania rodzic\u00f3w w proces uczenia si\u0119 ich dzieci i rozw\u00f3j ich zdolno\u015bci poznawczych<\/li>\n<li>Opracowanie bezp\u0142atnych narz\u0119dzi elektronicznych do diagnozowania proces\u00f3w poznawczych i preferowanego stylu uczenia si\u0119 dzieci i m\u0142odzie\u017cy w wieku od 6 do 14 lat, do samodzielnego korzystania lub pod nadzorem rodzic\u00f3w i nauczycieli\/pedagog\u00f3w<\/li>\n<li>Opracowanie bezp\u0142atnych program\u00f3w i materia\u0142\u00f3w szkoleniowych dla rodzic\u00f3w i nauczycieli pozbawionych technicznych barier, w celu rozwijania umiej\u0119tno\u015bci dzieci i m\u0142odzie\u017cy oraz zwi\u0119kszania skuteczno\u015bci uczenia si\u0119 wykorzystuj\u0105c w pe\u0142ni zasoby i potencja\u0142 m\u00f3zgu dziecka<\/li>\n<\/ul>\n<p>[\/vc_column_text][\/vc_column][\/vc_row][vc_row][vc_column][dfd_spacer screen_wide_spacer_size=&#8221;100&#8243; screen_normal_resolution=&#8221;1024&#8243; screen_tablet_resolution=&#8221;800&#8243; screen_mobile_resolution=&#8221;480&#8243; screen_normal_spacer_size=&#8221;100&#8243; screen_tablet_spacer_size=&#8221;80&#8243; screen_mobile_spacer_size=&#8221;60&#8243;][vc_custom_heading text=&#8221;Co otrzymasz&#8221; font_container=&#8221;tag:h2|text_align:center&#8221; use_theme_fonts=&#8221;yes&#8221;][dfd_single_image retina_image_size=&#8221;x2&#8243; image=&#8221;489&#8243; retina_image_x2=&#8221;494&#8243;][vc_column_text]<\/p>\n<p style=\"text-align: center;\">Projekt zak\u0142ada wypracowanie czterech rezultat\u00f3w pracy intelektualnej<\/p>\n<p>[\/vc_column_text][dfd_services columns_width=&#8221;full-width-elements&#8221; list_fields=&#8221;%5B%7B%22icon_type%22%3A%22text%22%2C%22select_icon%22%3A%22dfd_icons%22%2C%22ic_dfd_icons%22%3A%22dfd-socicon-icon-social-buffer%22%2C%22icon_text%22%3A%2201%22%2C%22block_title%22%3A%22NARZ%C4%98DZIE%20ELEKTRONICZNE%20DO%20DIAGNOZOWANIA%20PROCES%C3%93W%20POZNAWCZYCH%20I%20STYL%C3%93W%20UCZENIA%20SI%C4%98%20M%C5%81ODSZYCH%20DZIECI%22%2C%22block_subtitle%22%3A%22w%20wieku%206-10%20lat%22%2C%22block_content%22%3A%22%E2%80%93%20Wielowymiarowe%2C%20wystandaryzowane%20i%20%20znormalizowane%20narz%C4%99dzie%20online%20do%20diagnozowania%20proces%C3%B3w%20poznawczych%20i%20rozpoznawania%20preferowanego%20stylu%20uczenia%20si%C4%99%20m%C5%82odszych%20dzieci%20%E2%80%93%20w%20wieku%20od%206%20do%2010%20lat%22%7D%2C%7B%22icon_type%22%3A%22text%22%2C%22select_icon%22%3A%22dfd_icons%22%2C%22ic_dfd_icons%22%3A%22dfd-socicon-icon-social-buffer%22%2C%22icon_text%22%3A%2202%22%2C%22block_title%22%3A%22NARZ%C4%98DZIE%20ELEKTRONICZNE%20DO%20DIAGNOZOWANIA%20PROCES%C3%93W%20POZNAWCZYCH%20I%20STYL%C3%93W%20UCZENIA%20SI%C4%98%20STARSZYCH%20DZIECI%22%2C%22block_subtitle%22%3A%22w%20wieku%2011-14%20lat%22%2C%22block_content%22%3A%22%E2%80%93%20-%5CtWielowymiarowe%20narz%C4%99dzie%20online%20do%20diagnozowania%20proces%C3%B3w%20poznawczych%20i%20rozpoznawania%20preferowanego%20stylu%20uczenia%20si%C4%99%20dzieci%20i%20m%C5%82odzie%C5%BCy%20w%20wieku%20szkolnym%20(od%2011%20do%2014%20lat).%20B%C4%99dzie%20to%20r%C3%B3wnie%C5%BC%20wystandaryzowane%20narz%C4%99dzie%20psychometryczne.%22%7D%2C%7B%22icon_type%22%3A%22text%22%2C%22select_icon%22%3A%22dfd_icons%22%2C%22ic_dfd_icons%22%3A%22dfd-socicon-icon-social-buffer%22%2C%22icon_text%22%3A%2203%22%2C%22block_title%22%3A%22PAKIET%20SZKOLENIOWY%20DLA%20NAUCZYCIELI%20I%20PEDAGOG%C3%93W%22%2C%22block_subtitle%22%3A%22Osoby%20doros%C5%82e%22%2C%22block_content%22%3A%22%E2%80%93%2010%20kr%C3%B3tkich%20szkole%C5%84%20on-line%20(czas%20trwania%20od%201%20do%203%20godzin)%20dost%C4%99pnych%20w%20formie%20e-learningu%2C%20zawieraj%C4%85cych%20materia%C5%82y%20multimedialne%20w%20zakresie%20najnowszych%20odkry%C4%87%20w%20dziedzinie%20neuropedagogiki%20(style%20uczenia%20si%C4%99%2C%20jak%20uczy%C4%87%20dzieci%2C%20nauczanie%20multisensoryczne%2C%20itd.)%20%20dostarczaj%C4%85ce%20nauczycielom%20wiedzy%2C%20strategii%20oraz%20podej%C5%9B%C4%87%20wspieraj%C4%85cych%20ich%20w%20procesie%20nauczania%20oraz%20potrzebnych%20do%20korzystania%20z%20rezultat%C3%B3w%20projektu%20w%20szkole%20i%20poza%20ni%C4%85.%22%7D%2C%7B%22icon_type%22%3A%22text%22%2C%22select_icon%22%3A%22dfd_icons%22%2C%22ic_dfd_icons%22%3A%22dfd-socicon-icon-social-buffer%22%2C%22icon_text%22%3A%2204%22%2C%22block_title%22%3A%22ZESTAW%20NARZ%C4%98DZI%20EDUKACYJNYCH%20DLA%20UCZNI%C3%93W%20%E2%80%93%20GRY%20I%20ZADANIA%20EDUKACYJNE%22%2C%22block_subtitle%22%3A%226-10%20lat%20i%2011-14%20lat%22%2C%22block_content%22%3A%22-ma%20na%20celu%20wsparcie%20uczni%C3%B3w%20w%20rozwijaniu%20funkcji%20poznawczych%20i%20umiej%C4%99tno%C5%9Bci%20efektywnego%20uczenia%20si%C4%99%2C%20wykorzystaniu%20w%C5%82asnych%20zasob%C3%B3w%20oraz%20potencja%C5%82u%20m%C3%B3zgu.%20%20Zestaw%20sk%C5%82ada%C4%87%20si%C4%99%20b%C4%99dzie%20z%20kr%C3%B3tkich%20%C4%87wicze%C5%84%20online%20wspieraj%C4%85cych%2Frozwijaj%C4%85cych%20funkcje%20poznawcze%20oraz%20r%C3%B3%C5%BCne%20techniki%20i%20metody%20efektywnego%20uczenia%20si%C4%99.%20%C4%86wiczenia%20adresowane%20b%C4%99d%C4%85%20do%20dw%C3%B3ch%20grup%20wiekowych%3A%206-10%20i%2011-14%20lat.%22%7D%5D&#8221; icon_size_st4=&#8221;100&#8243; hor_content_offset=&#8221;20&#8243; vertical_content_offset=&#8221;20&#8243; main_style=&#8221;style-4&#8243; title_font_options=&#8221;tag:div|font_size:20|line_height:30&#8243; subtitle_font_options=&#8221;tag:div|font_size:20|color:%2300339b|line_height:40&#8243; back_bg_color=&#8221;#ffffff&#8221; font_options=&#8221;color:%23333333&#8243;][dfd_spacer screen_wide_spacer_size=&#8221;60&#8243; screen_normal_resolution=&#8221;1024&#8243; screen_tablet_resolution=&#8221;800&#8243; screen_mobile_resolution=&#8221;480&#8243; screen_normal_spacer_size=&#8221;60&#8243; screen_tablet_spacer_size=&#8221;40&#8243; screen_mobile_spacer_size=&#8221;30&#8243;][\/vc_column][\/vc_row][vc_row][vc_column][dfd_spacer screen_wide_spacer_size=&#8221;100&#8243; screen_normal_resolution=&#8221;1024&#8243; screen_tablet_resolution=&#8221;800&#8243; screen_mobile_resolution=&#8221;480&#8243; screen_normal_spacer_size=&#8221;100&#8243; screen_tablet_spacer_size=&#8221;80&#8243; screen_mobile_spacer_size=&#8221;60&#8243;][vc_custom_heading text=&#8221;Grupy docelowe&#8221; font_container=&#8221;tag:h2|text_align:center&#8221; use_theme_fonts=&#8221;yes&#8221;][vc_column_text]<\/p>\n<p style=\"text-align: center;\">Grupy docelowe do kt\u00f3rych skierowane s\u0105 dzia\u0142ania w ramach projektu i jego rezultaty.<\/p>\n<p>[\/vc_column_text][dfd_single_image retina_image_size=&#8221;x2&#8243; image=&#8221;281&#8243; retina_image_x2=&#8221;286&#8243;][\/vc_column][\/vc_row][vc_row][vc_column width=&#8221;1\/2&#8243;][dfd_spacer screen_wide_spacer_size=&#8221;60&#8243; screen_normal_resolution=&#8221;1024&#8243; screen_tablet_resolution=&#8221;800&#8243; screen_mobile_resolution=&#8221;480&#8243; screen_normal_spacer_size=&#8221;60&#8243; screen_tablet_spacer_size=&#8221;40&#8243; screen_mobile_spacer_size=&#8221;30&#8243;][vc_column_text]<\/p>\n<h4 style=\"text-align: center;\">Bezpo\u015brednie grupy docelowe<\/h4>\n<ul>\n<li>Uczniowie szk\u00f3\u0142 podstawowych (w wieku od 6-14 lat)<\/li>\n<li>Rodzice<\/li>\n<li>Nauczyciele zaanga\u017cowani w realizacj\u0119 dzia\u0142a\u0144 zwi\u0105zanych z doradztwem edukacyjnym<\/li>\n<li>Nauczyciele pracuj\u0105cy w szko\u0142ach podstawowych<\/li>\n<li>Specjali\u015bci pracuj\u0105cy w szko\u0142ach podstawowych (np. psycholodzy, pedagodzy)<\/li>\n<\/ul>\n<p>[\/vc_column_text][\/vc_column][vc_column width=&#8221;1\/2&#8243;][dfd_spacer screen_wide_spacer_size=&#8221;60&#8243; screen_normal_resolution=&#8221;1024&#8243; screen_tablet_resolution=&#8221;800&#8243; screen_mobile_resolution=&#8221;480&#8243; screen_normal_spacer_size=&#8221;60&#8243; screen_tablet_spacer_size=&#8221;40&#8243; screen_mobile_spacer_size=&#8221;30&#8243;][vc_column_text]<\/p>\n<h4 style=\"text-align: center;\">Po\u015brednie grupy docelowe<\/h4>\n<ul>\n<li>plac\u00f3wki o\u015bwiatowe oferuj\u0105ce wsparcie pedagogiczne i poradnictwo<\/li>\n<li>centra doradztwa<\/li>\n<\/ul>\n<p>[\/vc_column_text][\/vc_column][\/vc_row][vc_row][vc_column width=&#8221;1\/4&#8243;][\/vc_column][vc_column width=&#8221;1\/2&#8243;][dfd_spacer screen_wide_spacer_size=&#8221;60&#8243; screen_normal_resolution=&#8221;1024&#8243; screen_tablet_resolution=&#8221;800&#8243; screen_mobile_resolution=&#8221;480&#8243; screen_normal_spacer_size=&#8221;60&#8243; screen_tablet_spacer_size=&#8221;40&#8243; screen_mobile_spacer_size=&#8221;30&#8243;][vc_column_text]<\/p>\n<h4 style=\"text-align: center;\">Pozostali interesariusze<\/h4>\n<ul>\n<li>w\u0142adze lokalne i regionalne odpowiedzialne za edukacj\u0119<\/li>\n<li>uniwersytety i szko\u0142y wy\u017csze<\/li>\n<li>stowarzyszenia rodzic\u00f3w i nauczycieli<\/li>\n<li>platformy internetowe dla szk\u00f3\u0142 np. eTwinning, School Education Gateway<\/li>\n<\/ul>\n<p>[\/vc_column_text][\/vc_column][vc_column width=&#8221;1\/4&#8243;][\/vc_column][\/vc_row]<\/p>\n","protected":false},"excerpt":{"rendered":"<p>[vc_row][vc_column][dfd_spacer screen_wide_spacer_size=&#8221;100&#8243; screen_normal_resolution=&#8221;1024&#8243; screen_tablet_resolution=&#8221;800&#8243; screen_mobile_resolution=&#8221;480&#8243; screen_normal_spacer_size=&#8221;100&#8243; screen_tablet_spacer_size=&#8221;80&#8243; screen_mobile_spacer_size=&#8221;60&#8243;][\/vc_column][\/vc_row][vc_row][vc_column][vc_custom_heading text=&#8221;Projekt PRO-LEARN&#8221; font_container=&#8221;tag:h2|text_align:center&#8221; use_theme_fonts=&#8221;yes&#8221;][vc_column_text] Wspieranie procesu uczenia si\u0119 i zdolno\u015bci poznawczych dzieci poprzez holistyczne podej\u015bcie oraz innowacyjne metody. [\/vc_column_text][dfd_single_image retina_image_size=&#8221;x2&#8243; image=&#8221;479&#8243; retina_image_x2=&#8221;484&#8243;][vc_column_text]<\/p>\n","protected":false},"author":1,"featured_media":735,"parent":0,"menu_order":0,"comment_status":"closed","ping_status":"closed","template":"tmp-page.php","meta":[],"yoast_head":"<!-- This site is optimized with the Yoast SEO plugin v19.6 - https:\/\/yoast.com\/wordpress\/plugins\/seo\/ -->\n<title>O PROJEKCIE - PROLEARN<\/title>\n<meta name=\"robots\" content=\"index, follow, max-snippet:-1, max-image-preview:large, max-video-preview:-1\" \/>\n<link rel=\"canonical\" href=\"https:\/\/prolearn-project.eu\/about\/\" \/>\n<meta property=\"og:locale\" content=\"pl_PL\" \/>\n<meta property=\"og:type\" content=\"article\" \/>\n<meta property=\"og:title\" content=\"O PROJEKCIE - PROLEARN\" \/>\n<meta property=\"og:description\" content=\"[vc_row][vc_column][dfd_spacer screen_wide_spacer_size=&#8221;100&#8243; screen_normal_resolution=&#8221;1024&#8243; screen_tablet_resolution=&#8221;800&#8243; screen_mobile_resolution=&#8221;480&#8243; screen_normal_spacer_size=&#8221;100&#8243; screen_tablet_spacer_size=&#8221;80&#8243; screen_mobile_spacer_size=&#8221;60&#8243;][\/vc_column][\/vc_row][vc_row][vc_column][vc_custom_heading text=&#8221;Projekt PRO-LEARN&#8221; font_container=&#8221;tag:h2|text_align:center&#8221; use_theme_fonts=&#8221;yes&#8221;][vc_column_text] Wspieranie procesu uczenia si\u0119 i zdolno\u015bci poznawczych dzieci poprzez holistyczne podej\u015bcie oraz innowacyjne metody. [\/vc_column_text][dfd_single_image retina_image_size=&#8221;x2&#8243; image=&#8221;479&#8243; retina_image_x2=&#8221;484&#8243;][vc_column_text]\" \/>\n<meta property=\"og:url\" content=\"https:\/\/prolearn-project.eu\/about\/\" \/>\n<meta property=\"og:site_name\" content=\"PROLEARN\" \/>\n<meta property=\"article:publisher\" content=\"https:\/\/www.facebook.com\/prolearn.eu\/\" \/>\n<meta property=\"article:modified_time\" content=\"2022-10-27T08:32:35+00:00\" \/>\n<meta property=\"og:image\" content=\"https:\/\/prolearn-project.eu\/wp-content\/uploads\/2020\/03\/featured-image-about-prolearn.jpg\" \/>\n\t<meta property=\"og:image:width\" content=\"1200\" \/>\n\t<meta property=\"og:image:height\" content=\"630\" \/>\n\t<meta property=\"og:image:type\" content=\"image\/jpeg\" \/>\n<meta name=\"twitter:card\" content=\"summary_large_image\" \/>\n<meta name=\"twitter:label1\" content=\"Szacowany czas czytania\" \/>\n\t<meta name=\"twitter:data1\" content=\"7 minut\" \/>\n<script type=\"application\/ld+json\" class=\"yoast-schema-graph\">{\"@context\":\"https:\/\/schema.org\",\"@graph\":[{\"@type\":\"WebPage\",\"@id\":\"https:\/\/prolearn-project.eu\/about\/\",\"url\":\"https:\/\/prolearn-project.eu\/about\/\",\"name\":\"O PROJEKCIE - PROLEARN\",\"isPartOf\":{\"@id\":\"https:\/\/prolearn-project.eu\/#website\"},\"datePublished\":\"2020-06-12T14:56:22+00:00\",\"dateModified\":\"2022-10-27T08:32:35+00:00\",\"breadcrumb\":{\"@id\":\"https:\/\/prolearn-project.eu\/about\/#breadcrumb\"},\"inLanguage\":\"pl-PL\",\"potentialAction\":[{\"@type\":\"ReadAction\",\"target\":[\"https:\/\/prolearn-project.eu\/about\/\"]}]},{\"@type\":\"BreadcrumbList\",\"@id\":\"https:\/\/prolearn-project.eu\/about\/#breadcrumb\",\"itemListElement\":[{\"@type\":\"ListItem\",\"position\":1,\"name\":\"Home\",\"item\":\"https:\/\/prolearn-project.eu\/\"},{\"@type\":\"ListItem\",\"position\":2,\"name\":\"O PROJEKCIE\"}]},{\"@type\":\"WebSite\",\"@id\":\"https:\/\/prolearn-project.eu\/#website\",\"url\":\"https:\/\/prolearn-project.eu\/\",\"name\":\"PROLEARN\",\"description\":\"How to upskill Teachers in the new era\",\"potentialAction\":[{\"@type\":\"SearchAction\",\"target\":{\"@type\":\"EntryPoint\",\"urlTemplate\":\"https:\/\/prolearn-project.eu\/?s={search_term_string}\"},\"query-input\":\"required name=search_term_string\"}],\"inLanguage\":\"pl-PL\"}]}<\/script>\n<!-- \/ Yoast SEO plugin. -->","yoast_head_json":{"title":"O PROJEKCIE - PROLEARN","robots":{"index":"index","follow":"follow","max-snippet":"max-snippet:-1","max-image-preview":"max-image-preview:large","max-video-preview":"max-video-preview:-1"},"canonical":"https:\/\/prolearn-project.eu\/about\/","og_locale":"pl_PL","og_type":"article","og_title":"O PROJEKCIE - PROLEARN","og_description":"[vc_row][vc_column][dfd_spacer screen_wide_spacer_size=&#8221;100&#8243; screen_normal_resolution=&#8221;1024&#8243; screen_tablet_resolution=&#8221;800&#8243; screen_mobile_resolution=&#8221;480&#8243; screen_normal_spacer_size=&#8221;100&#8243; screen_tablet_spacer_size=&#8221;80&#8243; screen_mobile_spacer_size=&#8221;60&#8243;][\/vc_column][\/vc_row][vc_row][vc_column][vc_custom_heading text=&#8221;Projekt PRO-LEARN&#8221; font_container=&#8221;tag:h2|text_align:center&#8221; use_theme_fonts=&#8221;yes&#8221;][vc_column_text] Wspieranie procesu uczenia si\u0119 i zdolno\u015bci poznawczych dzieci poprzez holistyczne podej\u015bcie oraz innowacyjne metody. [\/vc_column_text][dfd_single_image retina_image_size=&#8221;x2&#8243; image=&#8221;479&#8243; retina_image_x2=&#8221;484&#8243;][vc_column_text]","og_url":"https:\/\/prolearn-project.eu\/about\/","og_site_name":"PROLEARN","article_publisher":"https:\/\/www.facebook.com\/prolearn.eu\/","article_modified_time":"2022-10-27T08:32:35+00:00","og_image":[{"width":1200,"height":630,"url":"https:\/\/prolearn-project.eu\/wp-content\/uploads\/2020\/03\/featured-image-about-prolearn.jpg","type":"image\/jpeg"}],"twitter_card":"summary_large_image","twitter_misc":{"Szacowany czas czytania":"7 minut"},"schema":{"@context":"https:\/\/schema.org","@graph":[{"@type":"WebPage","@id":"https:\/\/prolearn-project.eu\/about\/","url":"https:\/\/prolearn-project.eu\/about\/","name":"O PROJEKCIE - PROLEARN","isPartOf":{"@id":"https:\/\/prolearn-project.eu\/#website"},"datePublished":"2020-06-12T14:56:22+00:00","dateModified":"2022-10-27T08:32:35+00:00","breadcrumb":{"@id":"https:\/\/prolearn-project.eu\/about\/#breadcrumb"},"inLanguage":"pl-PL","potentialAction":[{"@type":"ReadAction","target":["https:\/\/prolearn-project.eu\/about\/"]}]},{"@type":"BreadcrumbList","@id":"https:\/\/prolearn-project.eu\/about\/#breadcrumb","itemListElement":[{"@type":"ListItem","position":1,"name":"Home","item":"https:\/\/prolearn-project.eu\/"},{"@type":"ListItem","position":2,"name":"O PROJEKCIE"}]},{"@type":"WebSite","@id":"https:\/\/prolearn-project.eu\/#website","url":"https:\/\/prolearn-project.eu\/","name":"PROLEARN","description":"How to upskill Teachers in the new era","potentialAction":[{"@type":"SearchAction","target":{"@type":"EntryPoint","urlTemplate":"https:\/\/prolearn-project.eu\/?s={search_term_string}"},"query-input":"required name=search_term_string"}],"inLanguage":"pl-PL"}]}},"_links":{"self":[{"href":"https:\/\/prolearn-project.eu\/pl\/wp-json\/wp\/v2\/pages\/887"}],"collection":[{"href":"https:\/\/prolearn-project.eu\/pl\/wp-json\/wp\/v2\/pages"}],"about":[{"href":"https:\/\/prolearn-project.eu\/pl\/wp-json\/wp\/v2\/types\/page"}],"author":[{"embeddable":true,"href":"https:\/\/prolearn-project.eu\/pl\/wp-json\/wp\/v2\/users\/1"}],"replies":[{"embeddable":true,"href":"https:\/\/prolearn-project.eu\/pl\/wp-json\/wp\/v2\/comments?post=887"}],"version-history":[{"count":4,"href":"https:\/\/prolearn-project.eu\/pl\/wp-json\/wp\/v2\/pages\/887\/revisions"}],"predecessor-version":[{"id":1907,"href":"https:\/\/prolearn-project.eu\/pl\/wp-json\/wp\/v2\/pages\/887\/revisions\/1907"}],"wp:featuredmedia":[{"embeddable":true,"href":"https:\/\/prolearn-project.eu\/pl\/wp-json\/wp\/v2\/media\/735"}],"wp:attachment":[{"href":"https:\/\/prolearn-project.eu\/pl\/wp-json\/wp\/v2\/media?parent=887"}],"curies":[{"name":"wp","href":"https:\/\/api.w.org\/{rel}","templated":true}]}}