{"id":894,"date":"2020-06-12T15:12:28","date_gmt":"2020-06-12T15:12:28","guid":{"rendered":"https:\/\/prolearn-project.eu\/pakiet-szkoleniowy-dla-nauczycieli-i-pedagogow\/"},"modified":"2022-10-27T08:34:40","modified_gmt":"2022-10-27T08:34:40","slug":"pakiet-szkoleniowy-dla-nauczycieli-i-pedagogow","status":"publish","type":"page","link":"https:\/\/prolearn-project.eu\/pl\/pakiet-szkoleniowy-dla-nauczycieli-i-pedagogow\/","title":{"rendered":"Pakiet szkoleniowy dla nauczycieli i pedagog\u00f3w"},"content":{"rendered":"<p>[vc_row][vc_column][dfd_spacer screen_wide_spacer_size=&#8221;80&#8243; screen_normal_resolution=&#8221;1024&#8243; screen_tablet_resolution=&#8221;800&#8243; screen_mobile_resolution=&#8221;480&#8243; screen_normal_spacer_size=&#8221;60&#8243; screen_tablet_spacer_size=&#8221;60&#8243; screen_mobile_spacer_size=&#8221;40&#8243;][vc_column_text]<\/p>\n<h3 style=\"text-align: center;\">Platforma szkoleniowa dla nauczycieli i edukator\u00f3w<\/h3>\n<p>[\/vc_column_text][dfd_single_image retina_image_size=&#8221;x2&#8243; image=&#8221;443&#8243; retina_image_x2=&#8221;448&#8243;][vc_column_text]Dzi\u0119ki wsp\u00f3lnym dzia\u0142aniom partner\u00f3w stworzono \u201ePakiet szkoleniowy dla nauczycieli i pedagog\u00f3w\u201d \u2013 darmow\u0105 platform\u0119 online, kt\u00f3rej celem jest zwi\u0119kszanie wiedzy nauczycieli i pedagog\u00f3w na temat najnowszych odkry\u0107 z dziedziny neuropedagogiki: styl\u00f3w uczenia si\u0119, metod nauczania dzieci, nauczania multisensorycznego, aktywnego s\u0142uchania, wielorako\u015bci inteligencji i wiele wi\u0119cej!<\/p>\n<p>Szkolenie, kt\u00f3re jest dost\u0119pne w formie e-learningowej i multimedialnej, podzielone jest na cztery g\u0142\u00f3wne obszary:<\/p>\n<p>\u2022 psychopedagogika z neurodydaktyk\u0105<br \/>\n\u2022 wielorako\u015b\u0107 inteligencji<br \/>\n\u2022 relacja jako kluczowa strategia<br \/>\n\u2022 narz\u0119dzia do nauczania i treningu umys\u0142u<\/p>\n<p>Ka\u017cdy obszar sk\u0142ada si\u0119 z kilku rozdzia\u0142\u00f3w (w sumie 10 rozdzia\u0142\u00f3w) przedstawiaj\u0105cych r\u00f3\u017cne tematy za pomoc\u0105 wyk\u0142ad\u00f3w w formie filmik\u00f3w, materia\u0142\u00f3w edukacyjnych, przyk\u0142ad\u00f3w \u0107wicze\u0144, kt\u00f3re mo\u017cna wykorzysta\u0107 w klasie oraz quizu sprawdzaj\u0105cego zdobyt\u0105 wiedz\u0119.<br \/>\nZ Pakietu mo\u017cna korzysta\u0107 w dowolnym czasie, a nauczyciele mog\u0105 wybra\u0107 tematy szkolenia i uczy\u0107 si\u0119 w swoim tempie. Co wi\u0119cej, szkolenie we w\u0142asnym tempie nie wymaga obecno\u015bci trenera.<\/p>\n<p>G\u0142\u00f3wnymi celami platformy szkoleniowej s\u0105:<\/p>\n<p>\u2022 Wyposa\u017cenie nauczycieli w wiedz\u0119 na temat tego, w jaki spos\u00f3b wspiera\u0107 uczni\u00f3w indywidualnie;<br \/>\n\u2022 Kszta\u0142towanie metodologii nauczania wed\u0142ug potrzeb uczni\u00f3w;<br \/>\n\u2022 Korzystanie z metod nauczania zgodnych z potencja\u0142em poznawczym uczni\u00f3w;<br \/>\n\u2022 Anga\u017cowanie rodzic\u00f3w w proces uczenia si\u0119 dzieci.<\/p>\n<p>Partnerzy projektu zako\u0144czyli pilota\u017c Pakietu szkoleniowego, podczas kt\u00f3rego ponad 300 nauczycieli i pedagog\u00f3w zalogowa\u0142o si\u0119 na platform\u0119 i zaanga\u017cowa\u0142o si\u0119 w testowanie materia\u0142\u00f3w.[\/vc_column_text][dfd_spacer screen_wide_spacer_size=&#8221;80&#8243; screen_normal_resolution=&#8221;1024&#8243; screen_tablet_resolution=&#8221;800&#8243; screen_mobile_resolution=&#8221;480&#8243; screen_normal_spacer_size=&#8221;60&#8243; screen_tablet_spacer_size=&#8221;60&#8243; screen_mobile_spacer_size=&#8221;40&#8243;][dfd_button button_text=&#8221;Platforma szkoleniowa&#8221; main_style=&#8221;style-2&#8243; buttom_link_src=&#8221;url:http%3A%2F%2Ftrainingtoolkit.prolearn-project.eu%2F|target:_blank&#8221; undefined=&#8221;&#8221; box_shadow=&#8221;box_shadow_enable:disable|shadow_horizontal:0|shadow_vertical:15|shadow_blur:50|shadow_spread:0|box_shadow_color:rgba(0%2C0%2C0%2C0.35)&#8221; hover_box_shadow=&#8221;box_shadow_enable:disable|shadow_horizontal:0|shadow_vertical:15|shadow_blur:50|shadow_spread:0|box_shadow_color:rgba(0%2C0%2C0%2C0.35)&#8221;][\/vc_column][\/vc_row]<\/p>\n","protected":false},"excerpt":{"rendered":"<p>[vc_row][vc_column][dfd_spacer screen_wide_spacer_size=&#8221;80&#8243; screen_normal_resolution=&#8221;1024&#8243; screen_tablet_resolution=&#8221;800&#8243; screen_mobile_resolution=&#8221;480&#8243; screen_normal_spacer_size=&#8221;60&#8243; screen_tablet_spacer_size=&#8221;60&#8243; screen_mobile_spacer_size=&#8221;40&#8243;][vc_column_text] Platforma szkoleniowa dla nauczycieli i edukator\u00f3w [\/vc_column_text][dfd_single_image retina_image_size=&#8221;x2&#8243; image=&#8221;443&#8243; retina_image_x2=&#8221;448&#8243;][vc_column_text]Dzi\u0119ki wsp\u00f3lnym dzia\u0142aniom partner\u00f3w stworzono \u201ePakiet szkoleniowy dla nauczycieli i pedagog\u00f3w\u201d \u2013 darmow\u0105<\/p>\n","protected":false},"author":2,"featured_media":730,"parent":0,"menu_order":0,"comment_status":"closed","ping_status":"closed","template":"","meta":[],"yoast_head":"<!-- This site is optimized with the Yoast SEO plugin v19.6 - https:\/\/yoast.com\/wordpress\/plugins\/seo\/ -->\n<title>Pakiet szkoleniowy dla nauczycieli i pedagog\u00f3w - PROLEARN<\/title>\n<meta name=\"robots\" content=\"index, follow, max-snippet:-1, max-image-preview:large, max-video-preview:-1\" \/>\n<link rel=\"canonical\" href=\"https:\/\/prolearn-project.eu\/for-teachers\/\" \/>\n<meta property=\"og:locale\" content=\"pl_PL\" \/>\n<meta property=\"og:type\" content=\"article\" \/>\n<meta property=\"og:title\" content=\"Pakiet szkoleniowy dla nauczycieli i pedagog\u00f3w - PROLEARN\" \/>\n<meta property=\"og:description\" content=\"[vc_row][vc_column][dfd_spacer screen_wide_spacer_size=&#8221;80&#8243; screen_normal_resolution=&#8221;1024&#8243; screen_tablet_resolution=&#8221;800&#8243; screen_mobile_resolution=&#8221;480&#8243; screen_normal_spacer_size=&#8221;60&#8243; screen_tablet_spacer_size=&#8221;60&#8243; screen_mobile_spacer_size=&#8221;40&#8243;][vc_column_text] Platforma szkoleniowa dla nauczycieli i edukator\u00f3w [\/vc_column_text][dfd_single_image retina_image_size=&#8221;x2&#8243; image=&#8221;443&#8243; retina_image_x2=&#8221;448&#8243;][vc_column_text]Dzi\u0119ki wsp\u00f3lnym dzia\u0142aniom partner\u00f3w stworzono \u201ePakiet szkoleniowy dla nauczycieli i pedagog\u00f3w\u201d \u2013 darmow\u0105\" \/>\n<meta property=\"og:url\" content=\"https:\/\/prolearn-project.eu\/for-teachers\/\" \/>\n<meta property=\"og:site_name\" content=\"PROLEARN\" \/>\n<meta property=\"article:publisher\" content=\"https:\/\/www.facebook.com\/prolearn.eu\/\" \/>\n<meta property=\"article:modified_time\" content=\"2022-10-27T08:34:40+00:00\" \/>\n<meta property=\"og:image\" content=\"https:\/\/prolearn-project.eu\/wp-content\/uploads\/2020\/03\/featured-image-training-prolearn.jpg\" \/>\n\t<meta property=\"og:image:width\" content=\"1200\" \/>\n\t<meta property=\"og:image:height\" content=\"630\" \/>\n\t<meta property=\"og:image:type\" content=\"image\/jpeg\" \/>\n<meta name=\"twitter:card\" content=\"summary_large_image\" \/>\n<meta name=\"twitter:label1\" content=\"Szacowany czas czytania\" \/>\n\t<meta name=\"twitter:data1\" content=\"2 minuty\" \/>\n<script type=\"application\/ld+json\" class=\"yoast-schema-graph\">{\"@context\":\"https:\/\/schema.org\",\"@graph\":[{\"@type\":\"WebPage\",\"@id\":\"https:\/\/prolearn-project.eu\/for-teachers\/\",\"url\":\"https:\/\/prolearn-project.eu\/for-teachers\/\",\"name\":\"Pakiet szkoleniowy dla nauczycieli i pedagog\u00f3w - PROLEARN\",\"isPartOf\":{\"@id\":\"https:\/\/prolearn-project.eu\/#website\"},\"datePublished\":\"2020-06-12T15:12:28+00:00\",\"dateModified\":\"2022-10-27T08:34:40+00:00\",\"breadcrumb\":{\"@id\":\"https:\/\/prolearn-project.eu\/for-teachers\/#breadcrumb\"},\"inLanguage\":\"pl-PL\",\"potentialAction\":[{\"@type\":\"ReadAction\",\"target\":[\"https:\/\/prolearn-project.eu\/for-teachers\/\"]}]},{\"@type\":\"BreadcrumbList\",\"@id\":\"https:\/\/prolearn-project.eu\/for-teachers\/#breadcrumb\",\"itemListElement\":[{\"@type\":\"ListItem\",\"position\":1,\"name\":\"Home\",\"item\":\"https:\/\/prolearn-project.eu\/\"},{\"@type\":\"ListItem\",\"position\":2,\"name\":\"Pakiet szkoleniowy dla nauczycieli i pedagog\u00f3w\"}]},{\"@type\":\"WebSite\",\"@id\":\"https:\/\/prolearn-project.eu\/#website\",\"url\":\"https:\/\/prolearn-project.eu\/\",\"name\":\"PROLEARN\",\"description\":\"How to upskill Teachers in the new era\",\"potentialAction\":[{\"@type\":\"SearchAction\",\"target\":{\"@type\":\"EntryPoint\",\"urlTemplate\":\"https:\/\/prolearn-project.eu\/?s={search_term_string}\"},\"query-input\":\"required name=search_term_string\"}],\"inLanguage\":\"pl-PL\"}]}<\/script>\n<!-- \/ Yoast SEO plugin. -->","yoast_head_json":{"title":"Pakiet szkoleniowy dla nauczycieli i pedagog\u00f3w - PROLEARN","robots":{"index":"index","follow":"follow","max-snippet":"max-snippet:-1","max-image-preview":"max-image-preview:large","max-video-preview":"max-video-preview:-1"},"canonical":"https:\/\/prolearn-project.eu\/for-teachers\/","og_locale":"pl_PL","og_type":"article","og_title":"Pakiet szkoleniowy dla nauczycieli i pedagog\u00f3w - PROLEARN","og_description":"[vc_row][vc_column][dfd_spacer screen_wide_spacer_size=&#8221;80&#8243; screen_normal_resolution=&#8221;1024&#8243; screen_tablet_resolution=&#8221;800&#8243; screen_mobile_resolution=&#8221;480&#8243; screen_normal_spacer_size=&#8221;60&#8243; screen_tablet_spacer_size=&#8221;60&#8243; screen_mobile_spacer_size=&#8221;40&#8243;][vc_column_text] Platforma szkoleniowa dla nauczycieli i edukator\u00f3w [\/vc_column_text][dfd_single_image retina_image_size=&#8221;x2&#8243; image=&#8221;443&#8243; retina_image_x2=&#8221;448&#8243;][vc_column_text]Dzi\u0119ki wsp\u00f3lnym dzia\u0142aniom partner\u00f3w stworzono \u201ePakiet szkoleniowy dla nauczycieli i pedagog\u00f3w\u201d \u2013 darmow\u0105","og_url":"https:\/\/prolearn-project.eu\/for-teachers\/","og_site_name":"PROLEARN","article_publisher":"https:\/\/www.facebook.com\/prolearn.eu\/","article_modified_time":"2022-10-27T08:34:40+00:00","og_image":[{"width":1200,"height":630,"url":"https:\/\/prolearn-project.eu\/wp-content\/uploads\/2020\/03\/featured-image-training-prolearn.jpg","type":"image\/jpeg"}],"twitter_card":"summary_large_image","twitter_misc":{"Szacowany czas czytania":"2 minuty"},"schema":{"@context":"https:\/\/schema.org","@graph":[{"@type":"WebPage","@id":"https:\/\/prolearn-project.eu\/for-teachers\/","url":"https:\/\/prolearn-project.eu\/for-teachers\/","name":"Pakiet szkoleniowy dla nauczycieli i pedagog\u00f3w - PROLEARN","isPartOf":{"@id":"https:\/\/prolearn-project.eu\/#website"},"datePublished":"2020-06-12T15:12:28+00:00","dateModified":"2022-10-27T08:34:40+00:00","breadcrumb":{"@id":"https:\/\/prolearn-project.eu\/for-teachers\/#breadcrumb"},"inLanguage":"pl-PL","potentialAction":[{"@type":"ReadAction","target":["https:\/\/prolearn-project.eu\/for-teachers\/"]}]},{"@type":"BreadcrumbList","@id":"https:\/\/prolearn-project.eu\/for-teachers\/#breadcrumb","itemListElement":[{"@type":"ListItem","position":1,"name":"Home","item":"https:\/\/prolearn-project.eu\/"},{"@type":"ListItem","position":2,"name":"Pakiet szkoleniowy dla nauczycieli i pedagog\u00f3w"}]},{"@type":"WebSite","@id":"https:\/\/prolearn-project.eu\/#website","url":"https:\/\/prolearn-project.eu\/","name":"PROLEARN","description":"How to upskill Teachers in the new era","potentialAction":[{"@type":"SearchAction","target":{"@type":"EntryPoint","urlTemplate":"https:\/\/prolearn-project.eu\/?s={search_term_string}"},"query-input":"required name=search_term_string"}],"inLanguage":"pl-PL"}]}},"_links":{"self":[{"href":"https:\/\/prolearn-project.eu\/pl\/wp-json\/wp\/v2\/pages\/894"}],"collection":[{"href":"https:\/\/prolearn-project.eu\/pl\/wp-json\/wp\/v2\/pages"}],"about":[{"href":"https:\/\/prolearn-project.eu\/pl\/wp-json\/wp\/v2\/types\/page"}],"author":[{"embeddable":true,"href":"https:\/\/prolearn-project.eu\/pl\/wp-json\/wp\/v2\/users\/2"}],"replies":[{"embeddable":true,"href":"https:\/\/prolearn-project.eu\/pl\/wp-json\/wp\/v2\/comments?post=894"}],"version-history":[{"count":4,"href":"https:\/\/prolearn-project.eu\/pl\/wp-json\/wp\/v2\/pages\/894\/revisions"}],"predecessor-version":[{"id":2320,"href":"https:\/\/prolearn-project.eu\/pl\/wp-json\/wp\/v2\/pages\/894\/revisions\/2320"}],"wp:featuredmedia":[{"embeddable":true,"href":"https:\/\/prolearn-project.eu\/pl\/wp-json\/wp\/v2\/media\/730"}],"wp:attachment":[{"href":"https:\/\/prolearn-project.eu\/pl\/wp-json\/wp\/v2\/media?parent=894"}],"curies":[{"name":"wp","href":"https:\/\/api.w.org\/{rel}","templated":true}]}}