{"id":896,"date":"2020-06-12T15:13:50","date_gmt":"2020-06-12T15:13:50","guid":{"rendered":"https:\/\/prolearn-project.eu\/zestaw-narzedzi-edukacyjnych-dla-uczniow\/"},"modified":"2022-10-27T08:34:59","modified_gmt":"2022-10-27T08:34:59","slug":"zestaw-narzedzi-edukacyjnych-dla-uczniow","status":"publish","type":"page","link":"https:\/\/prolearn-project.eu\/pl\/zestaw-narzedzi-edukacyjnych-dla-uczniow\/","title":{"rendered":"Zestaw narz\u0119dzi edukacyjnych dla uczni\u00f3w"},"content":{"rendered":"<p>[vc_row][vc_column][dfd_spacer screen_wide_spacer_size=&#8221;80&#8243; screen_normal_resolution=&#8221;1024&#8243; screen_tablet_resolution=&#8221;800&#8243; screen_mobile_resolution=&#8221;480&#8243; screen_normal_spacer_size=&#8221;60&#8243; screen_tablet_spacer_size=&#8221;60&#8243; screen_mobile_spacer_size=&#8221;40&#8243;][vc_column_text]<\/p>\n<h3 style=\"text-align: center;\">Gry i zabawy edukacyjne dla uczni\u00f3w<\/h3>\n<p>[\/vc_column_text][dfd_single_image retina_image_size=&#8221;x2&#8243; image=&#8221;455&#8243; retina_image_x2=&#8221;460&#8243;][vc_column_text]<\/p>\n<p style=\"text-align: justify;\">Produkt ma na celu wsparcie uczni\u00f3w w rozwijaniu proces\u00f3w poznawczych i umiej\u0119tno\u015bci efektywnego uczenia si\u0119, wykorzystaniu w pe\u0142ni w\u0142asnych zasob\u00f3w oraz potencja\u0142u m\u00f3zgu.<br \/>\nPakiet sk\u0142ada si\u0119 unikalnego zestawu kr\u00f3tkich \u0107wicze\u0144 wspieraj\u0105cych\/rozwijaj\u0105cych procesy poznawcze sprzyjaj\u0105ce efektywnej nauce oraz \u0107wicze\u0144 rozwijaj\u0105cych r\u00f3\u017cne techniki i metody uczenia si\u0119. Produkt skierowany jest do uczni\u00f3w w wieku od 6 do 14 lat. \u0106wiczenia adresowane s\u0105 do trzech grup wiekowych: 6-7 lat, 8-10 lat i 11-14 lat. Podzia\u0142 na grupy wiekowe zwi\u0105zany jest z r\u00f3\u017cnym poziomem intelektualnym dzieci oraz konieczno\u015bci\u0105 dopasowania trudno\u015bci i zakresu zada\u0144 i \u0107wicze\u0144 do danej grupy. W sumie stworzonych zosta\u0142o 56 \u0107wicze\u0144 dla trzech grup wiekowych: 13 \u0107wicze\u0144 dla dzieci w wieku 6-7 lat, 20 \u0107wicze\u0144 dla grupy 8-10 lat oraz 25 \u0107wicze\u0144 dla uczni\u00f3w w wieku 11-14 lat. Wi\u0119kszo\u015b\u0107 \u0107wicze\u0144 znajduj\u0105cych si\u0119 w zestawie sk\u0142ada si\u0119 z r\u00f3\u017cnych poziom\u00f3w trudno\u015bci, aby zapewni\u0107 uczniom mo\u017cliwo\u015b\u0107 trenowania swoich umiej\u0119tno\u015bci w kategoriach takich jak pami\u0119\u0107, my\u015blenie, uwaga, spostrzeganie oraz skuteczna nauka.<\/p>\n<p style=\"text-align: justify;\">Zestaw mo\u017cna traktowa\u0107 jako program rozwoju dziecka na 30 dni. Ka\u017cdego dnia ucze\u0144 mo\u017ce nauczy\u0107 si\u0119 czego\u015b nowego o efektywnym uczeniu si\u0119 (filmiki) lub rozwija\u0107 potencja\u0142 swojego m\u00f3zgu (\u0107wiczenia, zadania). Dodatkowo zestaw mo\u017ce zosta\u0107 wykorzystany w sali lekcyjnej przez nauczycieli, jak r\u00f3wnie\u017c przez rodzic\u00f3w chc\u0105cych pom\u00f3c dziecku w efektywnej nauce.<\/p>\n<p style=\"text-align: justify;\">Platforma internetowa zawiera gry i zadania w formie puzzli, labirynt\u00f3w, zabawy rozwijaj\u0105ce wyobra\u017ani\u0119 przestrzenn\u0105, \u0107wiczenia na koncentracj\u0119 oraz koordynacj\u0119 wzorkowo-ruchow\u0105.<\/p>\n<p style=\"text-align: justify;\">Oto niekt\u00f3re z przyk\u0142adowych \u0107wicze\u0144 dla dzieci: (1) rozwi\u0105zywanie zagadek logicznych i matematycznych (2) dopasowanie element\u00f3w do obrazka na smartfonie\/ tablecie (3) znajdowanie ukrytych wyraz\u00f3w (4) liczenie na tr\u00f3jwymiarowym obrazku np. ile kwadrat\u00f3w znalaz\u0142o si\u0119 w danej konstrukcji (5) szybkie liczenie wskazanych cyfr na obrazkach wy\u015bwietlonych na ekranie (6) szybka reakcja i wciskanie przycisk\u00f3w np. pojawiaj\u0105ce si\u0119 elementy (7) znalezienie wyj\u015bcia z labiryntu.<\/p>\n<p style=\"text-align: justify;\">Zadania pozwalaj\u0105 na stymulacj\u0119 m\u00f3zgu uczni\u00f3w \u2013 rozw\u00f3j funkcji poznawczych dzieci i m\u0142odzie\u017cy. Idea tego rozwi\u0105zana ma na celu rozw\u00f3j poprzez zabaw\u0119 przy wykorzystaniu nowoczesnych technologii, smartfon\u00f3w oraz tablet\u00f3w. Dodatkowo aplikacja zawiera kr\u00f3tkie filmiki (2-3 minutowe filmy animowane\/kresk\u00f3wki) ze wskaz\u00f3wkami na temat skutecznego uczenia si\u0119. Po ka\u017cdym filmiku ucze\u0144 otrzymuje zadanie do wykonania, na przyk\u0142ad wdro\u017cenie wskaz\u00f3wki z filmu do procesu uczenia si\u0119.<\/p>\n<p>[\/vc_column_text][dfd_spacer screen_wide_spacer_size=&#8221;80&#8243; screen_normal_resolution=&#8221;1024&#8243; screen_tablet_resolution=&#8221;800&#8243; screen_mobile_resolution=&#8221;480&#8243; screen_normal_spacer_size=&#8221;60&#8243; screen_tablet_spacer_size=&#8221;60&#8243; screen_mobile_spacer_size=&#8221;40&#8243;][\/vc_column][\/vc_row][vc_row][vc_column][dfd_button button_text=&#8221;\u0106wiczenia&#8221; main_style=&#8221;style-2&#8243; buttom_link_src=&#8221;url:https%3A%2F%2Fpl.exercises.prolearn-project.eu%2F|target:_blank&#8221; undefined=&#8221;&#8221; box_shadow=&#8221;box_shadow_enable:disable|shadow_horizontal:0|shadow_vertical:15|shadow_blur:50|shadow_spread:0|box_shadow_color:rgba(0%2C0%2C0%2C0.35)&#8221; hover_box_shadow=&#8221;box_shadow_enable:disable|shadow_horizontal:0|shadow_vertical:15|shadow_blur:50|shadow_spread:0|box_shadow_color:rgba(0%2C0%2C0%2C0.35)&#8221;][\/vc_column][\/vc_row]<\/p>\n","protected":false},"excerpt":{"rendered":"<p>[vc_row][vc_column][dfd_spacer screen_wide_spacer_size=&#8221;80&#8243; screen_normal_resolution=&#8221;1024&#8243; screen_tablet_resolution=&#8221;800&#8243; screen_mobile_resolution=&#8221;480&#8243; screen_normal_spacer_size=&#8221;60&#8243; screen_tablet_spacer_size=&#8221;60&#8243; screen_mobile_spacer_size=&#8221;40&#8243;][vc_column_text] Gry i zabawy edukacyjne dla uczni\u00f3w [\/vc_column_text][dfd_single_image retina_image_size=&#8221;x2&#8243; image=&#8221;455&#8243; retina_image_x2=&#8221;460&#8243;][vc_column_text] Produkt ma na celu wsparcie uczni\u00f3w w rozwijaniu proces\u00f3w poznawczych i umiej\u0119tno\u015bci<\/p>\n","protected":false},"author":2,"featured_media":745,"parent":0,"menu_order":0,"comment_status":"closed","ping_status":"closed","template":"","meta":[],"yoast_head":"<!-- This site is optimized with the Yoast SEO plugin v19.6 - https:\/\/yoast.com\/wordpress\/plugins\/seo\/ -->\n<title>Zestaw narz\u0119dzi edukacyjnych dla uczni\u00f3w - PROLEARN<\/title>\n<meta name=\"robots\" content=\"index, follow, max-snippet:-1, max-image-preview:large, max-video-preview:-1\" \/>\n<link rel=\"canonical\" href=\"https:\/\/prolearn-project.eu\/for-students\/\" \/>\n<meta property=\"og:locale\" content=\"pl_PL\" \/>\n<meta property=\"og:type\" content=\"article\" \/>\n<meta property=\"og:title\" content=\"Zestaw narz\u0119dzi edukacyjnych dla uczni\u00f3w - PROLEARN\" \/>\n<meta property=\"og:description\" content=\"[vc_row][vc_column][dfd_spacer screen_wide_spacer_size=&#8221;80&#8243; screen_normal_resolution=&#8221;1024&#8243; screen_tablet_resolution=&#8221;800&#8243; screen_mobile_resolution=&#8221;480&#8243; screen_normal_spacer_size=&#8221;60&#8243; screen_tablet_spacer_size=&#8221;60&#8243; screen_mobile_spacer_size=&#8221;40&#8243;][vc_column_text] Gry i zabawy edukacyjne dla uczni\u00f3w [\/vc_column_text][dfd_single_image retina_image_size=&#8221;x2&#8243; image=&#8221;455&#8243; retina_image_x2=&#8221;460&#8243;][vc_column_text] Produkt ma na celu wsparcie uczni\u00f3w w rozwijaniu proces\u00f3w poznawczych i umiej\u0119tno\u015bci\" \/>\n<meta property=\"og:url\" content=\"https:\/\/prolearn-project.eu\/for-students\/\" \/>\n<meta property=\"og:site_name\" content=\"PROLEARN\" \/>\n<meta property=\"article:publisher\" content=\"https:\/\/www.facebook.com\/prolearn.eu\/\" \/>\n<meta property=\"article:modified_time\" content=\"2022-10-27T08:34:59+00:00\" \/>\n<meta property=\"og:image\" content=\"https:\/\/prolearn-project.eu\/wp-content\/uploads\/2020\/03\/featured-image-Educational-Toolkit.jpg\" \/>\n\t<meta property=\"og:image:width\" content=\"1200\" \/>\n\t<meta property=\"og:image:height\" content=\"630\" \/>\n\t<meta property=\"og:image:type\" content=\"image\/jpeg\" \/>\n<meta name=\"twitter:card\" content=\"summary_large_image\" \/>\n<meta name=\"twitter:label1\" content=\"Szacowany czas czytania\" \/>\n\t<meta name=\"twitter:data1\" content=\"3 minuty\" \/>\n<script type=\"application\/ld+json\" class=\"yoast-schema-graph\">{\"@context\":\"https:\/\/schema.org\",\"@graph\":[{\"@type\":\"WebPage\",\"@id\":\"https:\/\/prolearn-project.eu\/for-students\/\",\"url\":\"https:\/\/prolearn-project.eu\/for-students\/\",\"name\":\"Zestaw narz\u0119dzi edukacyjnych dla uczni\u00f3w - PROLEARN\",\"isPartOf\":{\"@id\":\"https:\/\/prolearn-project.eu\/#website\"},\"datePublished\":\"2020-06-12T15:13:50+00:00\",\"dateModified\":\"2022-10-27T08:34:59+00:00\",\"breadcrumb\":{\"@id\":\"https:\/\/prolearn-project.eu\/for-students\/#breadcrumb\"},\"inLanguage\":\"pl-PL\",\"potentialAction\":[{\"@type\":\"ReadAction\",\"target\":[\"https:\/\/prolearn-project.eu\/for-students\/\"]}]},{\"@type\":\"BreadcrumbList\",\"@id\":\"https:\/\/prolearn-project.eu\/for-students\/#breadcrumb\",\"itemListElement\":[{\"@type\":\"ListItem\",\"position\":1,\"name\":\"Home\",\"item\":\"https:\/\/prolearn-project.eu\/\"},{\"@type\":\"ListItem\",\"position\":2,\"name\":\"Zestaw narz\u0119dzi edukacyjnych dla uczni\u00f3w\"}]},{\"@type\":\"WebSite\",\"@id\":\"https:\/\/prolearn-project.eu\/#website\",\"url\":\"https:\/\/prolearn-project.eu\/\",\"name\":\"PROLEARN\",\"description\":\"How to upskill Teachers in the new era\",\"potentialAction\":[{\"@type\":\"SearchAction\",\"target\":{\"@type\":\"EntryPoint\",\"urlTemplate\":\"https:\/\/prolearn-project.eu\/?s={search_term_string}\"},\"query-input\":\"required name=search_term_string\"}],\"inLanguage\":\"pl-PL\"}]}<\/script>\n<!-- \/ Yoast SEO plugin. -->","yoast_head_json":{"title":"Zestaw narz\u0119dzi edukacyjnych dla uczni\u00f3w - PROLEARN","robots":{"index":"index","follow":"follow","max-snippet":"max-snippet:-1","max-image-preview":"max-image-preview:large","max-video-preview":"max-video-preview:-1"},"canonical":"https:\/\/prolearn-project.eu\/for-students\/","og_locale":"pl_PL","og_type":"article","og_title":"Zestaw narz\u0119dzi edukacyjnych dla uczni\u00f3w - PROLEARN","og_description":"[vc_row][vc_column][dfd_spacer screen_wide_spacer_size=&#8221;80&#8243; screen_normal_resolution=&#8221;1024&#8243; screen_tablet_resolution=&#8221;800&#8243; screen_mobile_resolution=&#8221;480&#8243; screen_normal_spacer_size=&#8221;60&#8243; screen_tablet_spacer_size=&#8221;60&#8243; screen_mobile_spacer_size=&#8221;40&#8243;][vc_column_text] Gry i zabawy edukacyjne dla uczni\u00f3w [\/vc_column_text][dfd_single_image retina_image_size=&#8221;x2&#8243; image=&#8221;455&#8243; retina_image_x2=&#8221;460&#8243;][vc_column_text] Produkt ma na celu wsparcie uczni\u00f3w w rozwijaniu proces\u00f3w poznawczych i umiej\u0119tno\u015bci","og_url":"https:\/\/prolearn-project.eu\/for-students\/","og_site_name":"PROLEARN","article_publisher":"https:\/\/www.facebook.com\/prolearn.eu\/","article_modified_time":"2022-10-27T08:34:59+00:00","og_image":[{"width":1200,"height":630,"url":"https:\/\/prolearn-project.eu\/wp-content\/uploads\/2020\/03\/featured-image-Educational-Toolkit.jpg","type":"image\/jpeg"}],"twitter_card":"summary_large_image","twitter_misc":{"Szacowany czas czytania":"3 minuty"},"schema":{"@context":"https:\/\/schema.org","@graph":[{"@type":"WebPage","@id":"https:\/\/prolearn-project.eu\/for-students\/","url":"https:\/\/prolearn-project.eu\/for-students\/","name":"Zestaw narz\u0119dzi edukacyjnych dla uczni\u00f3w - PROLEARN","isPartOf":{"@id":"https:\/\/prolearn-project.eu\/#website"},"datePublished":"2020-06-12T15:13:50+00:00","dateModified":"2022-10-27T08:34:59+00:00","breadcrumb":{"@id":"https:\/\/prolearn-project.eu\/for-students\/#breadcrumb"},"inLanguage":"pl-PL","potentialAction":[{"@type":"ReadAction","target":["https:\/\/prolearn-project.eu\/for-students\/"]}]},{"@type":"BreadcrumbList","@id":"https:\/\/prolearn-project.eu\/for-students\/#breadcrumb","itemListElement":[{"@type":"ListItem","position":1,"name":"Home","item":"https:\/\/prolearn-project.eu\/"},{"@type":"ListItem","position":2,"name":"Zestaw narz\u0119dzi edukacyjnych dla uczni\u00f3w"}]},{"@type":"WebSite","@id":"https:\/\/prolearn-project.eu\/#website","url":"https:\/\/prolearn-project.eu\/","name":"PROLEARN","description":"How to upskill Teachers in the new era","potentialAction":[{"@type":"SearchAction","target":{"@type":"EntryPoint","urlTemplate":"https:\/\/prolearn-project.eu\/?s={search_term_string}"},"query-input":"required name=search_term_string"}],"inLanguage":"pl-PL"}]}},"_links":{"self":[{"href":"https:\/\/prolearn-project.eu\/pl\/wp-json\/wp\/v2\/pages\/896"}],"collection":[{"href":"https:\/\/prolearn-project.eu\/pl\/wp-json\/wp\/v2\/pages"}],"about":[{"href":"https:\/\/prolearn-project.eu\/pl\/wp-json\/wp\/v2\/types\/page"}],"author":[{"embeddable":true,"href":"https:\/\/prolearn-project.eu\/pl\/wp-json\/wp\/v2\/users\/2"}],"replies":[{"embeddable":true,"href":"https:\/\/prolearn-project.eu\/pl\/wp-json\/wp\/v2\/comments?post=896"}],"version-history":[{"count":4,"href":"https:\/\/prolearn-project.eu\/pl\/wp-json\/wp\/v2\/pages\/896\/revisions"}],"predecessor-version":[{"id":2280,"href":"https:\/\/prolearn-project.eu\/pl\/wp-json\/wp\/v2\/pages\/896\/revisions\/2280"}],"wp:featuredmedia":[{"embeddable":true,"href":"https:\/\/prolearn-project.eu\/pl\/wp-json\/wp\/v2\/media\/745"}],"wp:attachment":[{"href":"https:\/\/prolearn-project.eu\/pl\/wp-json\/wp\/v2\/media?parent=896"}],"curies":[{"name":"wp","href":"https:\/\/api.w.org\/{rel}","templated":true}]}}