{"id":856,"date":"2020-04-27T14:03:14","date_gmt":"2020-04-27T14:03:14","guid":{"rendered":"https:\/\/prolearn-project.eu\/despre\/"},"modified":"2022-10-27T08:40:07","modified_gmt":"2022-10-27T08:40:07","slug":"despre","status":"publish","type":"page","link":"https:\/\/prolearn-project.eu\/ro\/despre\/","title":{"rendered":"Despre"},"content":{"rendered":"<p>[vc_row][vc_column][dfd_spacer screen_wide_spacer_size=&#8221;100&#8243; screen_normal_resolution=&#8221;1024&#8243; screen_tablet_resolution=&#8221;800&#8243; screen_mobile_resolution=&#8221;480&#8243; screen_normal_spacer_size=&#8221;100&#8243; screen_tablet_spacer_size=&#8221;80&#8243; screen_mobile_spacer_size=&#8221;60&#8243;][\/vc_column][\/vc_row][vc_row][vc_column][vc_custom_heading text=&#8221;Proiectul PRO-LEARN&#8221; font_container=&#8221;tag:h2|text_align:center&#8221; use_theme_fonts=&#8221;yes&#8221;][vc_column_text]<\/p>\n<blockquote>\n<p style=\"text-align: center;\">Promovarea procesului de \u00eenv\u0103\u021bare a copiilor \u0219i a abilit\u0103\u021bilor cognitive prin abordare holistic\u0103 \u0219i metode inovatoare<\/p>\n<\/blockquote>\n<p>[\/vc_column_text][dfd_single_image retina_image_size=&#8221;x2&#8243; image=&#8221;479&#8243; retina_image_x2=&#8221;484&#8243;][vc_column_text]<\/p>\n<p style=\"text-align: justify;\">Proiectul <strong>PRO-LEARN<\/strong> r\u0103spunde priorit\u0103\u021bilor europene 2020 \u00een domeniul educa\u021biei \u0219i form\u0103rii tinerilor \u0219i p\u0103r\u0103sirii timpurii a \u0219colii \u00een contextul globaliz\u0103rii \u0219i integr\u0103rii pe pia\u021ba muncii. Dup\u0103 cum a afirmat CE \u00een comunicarea sa privind combaterea p\u0103r\u0103sirii timpurii a \u0219colii \u0219i COM (2011) 18 final, sistemele de educa\u021bie \u0219i formare nu ofer\u0103 adesea un sprijin direc\u021bionat suficient pentru elevi pentru a face fa\u021b\u0103 dificult\u0103\u021bilor emo\u021bionale, sociale sau educa\u021bionale \u0219i pentru a r\u0103m\u00e2ne \u00een sistemul de educa\u021bie \u0219i formare.<\/p>\n<p style=\"text-align: justify;\"><strong>PRO-LEARN<\/strong> este un proiect la scar\u0103 larg\u0103, deoarece implic\u0103 6 organiza\u021bii diferite (entit\u0103\u021bi publice, ONG-uri, IMM-uri) din 5 \u021b\u0103ri ale UE &#8211; PL, CY, GR, IT, RO \u0219i dureaz\u0103 36 de luni.<\/p>\n<p>[\/vc_column_text][dfd_spacer screen_wide_spacer_size=&#8221;60&#8243; screen_normal_resolution=&#8221;1024&#8243; screen_tablet_resolution=&#8221;800&#8243; screen_mobile_resolution=&#8221;480&#8243; screen_normal_spacer_size=&#8221;60&#8243; screen_tablet_spacer_size=&#8221;40&#8243; screen_mobile_spacer_size=&#8221;30&#8243;][\/vc_column][\/vc_row][vc_row][vc_column][vc_custom_heading text=&#8221;Obiective&#8221; font_container=&#8221;tag:h2|text_align:center&#8221; use_theme_fonts=&#8221;yes&#8221;][dfd_single_image retina_image_size=&#8221;x2&#8243; image=&#8221;499&#8243; retina_image_x2=&#8221;504&#8243;][vc_column_text]Proiectul urm\u0103re\u0219te:<\/p>\n<ul>\n<li>reducerea abandonului \u0219colar timpuriu prin accelerarea procesului de \u00eenv\u0103\u021bare<\/li>\n<li>dep\u0103\u0219irea lipsei de speciali\u0219ti din \u0219coli (psihologi, pedagogi)<\/li>\n<li>\u00eembun\u0103t\u0103\u021birea implic\u0103rii p\u0103rin\u021bilor \u00een procesele de \u00eenv\u0103\u021bare a copiilor lor \u0219i dezvoltarea abilit\u0103\u021bilor lor cognitive<\/li>\n<li>\u00eembog\u0103\u021birea ofertei rare de instrumente gratuite \u0219i f\u0103r\u0103 bariere (inclusiv cele bazate pe TIC), pentru diagnosticarea proceselor cognitive \u0219i a stilului de \u00eenv\u0103\u021bare preferat al copiilor cu v\u00e2rsta cuprins\u0103 \u00eentre 6-14 ani, singuri \u0219i de c\u0103tre p\u0103rin\u021bi \u0219i profesori \/ educatori<\/li>\n<li>\u00eembog\u0103\u021birea ofertei rare de programe de formare gratuit\u0103 \u0219i materiale orientate spre educa\u021bie pentru p\u0103rin\u021bi, educatori, lipsite de bariere tehnologice \u00een utilizarea calculatorului, pentru a sprijini elevii \u00een dezvoltarea abilit\u0103\u021bilor de \u00eenv\u0103\u021bare eficiente, folosindu-\u0219i resursele \u0219i poten\u021bialul complet al creierului.<\/li>\n<\/ul>\n<p>[\/vc_column_text][\/vc_column][\/vc_row][vc_row][vc_column][dfd_spacer screen_wide_spacer_size=&#8221;100&#8243; screen_normal_resolution=&#8221;1024&#8243; screen_tablet_resolution=&#8221;800&#8243; screen_mobile_resolution=&#8221;480&#8243; screen_normal_spacer_size=&#8221;100&#8243; screen_tablet_spacer_size=&#8221;80&#8243; screen_mobile_spacer_size=&#8221;60&#8243;][vc_custom_heading text=&#8221;Ce ob\u021bii&#8221; font_container=&#8221;tag:h2|text_align:center&#8221; use_theme_fonts=&#8221;yes&#8221;][dfd_single_image retina_image_size=&#8221;x2&#8243; image=&#8221;489&#8243; retina_image_x2=&#8221;494&#8243;][vc_column_text]<\/p>\n<p style=\"text-align: center;\">\u00cen timpul implement\u0103rii, parteneriatul de proiect va dezvolta patru rezultate intelectuale principale (OI):<\/p>\n<p>[\/vc_column_text][dfd_services columns_width=&#8221;full-width-elements&#8221; list_fields=&#8221;%5B%7B%22icon_type%22%3A%22text%22%2C%22select_icon%22%3A%22dfd_icons%22%2C%22ic_dfd_icons%22%3A%22dfd-socicon-icon-social-buffer%22%2C%22icon_text%22%3A%2201%22%2C%22block_title%22%3A%22INSTRUMENTUL%20ELECTRONIC%20PENTRU%20DIAGNOSTICUL%20PROCESELOR%20COGNITIVE%20%C8%98I%20STILURILOR%20DE%20%C3%8ENV%C4%82%C8%9AARE%20A%20COPIILOR%20TINERI%22%2C%22block_subtitle%22%3A%22de%20la%206%20la%2010%20ani%22%2C%22block_content%22%3A%22-%20instrument%20online%2C%20multidimensional%2C%20standardizat%20%C8%99i%20normalizat%20pentru%20diagnosticarea%20abilit%C4%83%C8%9Bilor%20%C8%99i%20proceselor%20cognitive%20%C8%99i%20a%20stilului%20de%20%C3%AEnv%C4%83%C8%9Bare%20preferat%20al%20copiilor%20afla%C8%9Bi%20%C3%AEn%20v%C3%A2rst%C4%83%20pre%C8%99colar%C4%83%20%2F%20%C8%99colar%C4%83%20-%20cu%20v%C3%A2rste%20cuprinse%20%C3%AEntre%206%20%C8%99i%2010%20ani.%22%7D%2C%7B%22icon_type%22%3A%22text%22%2C%22select_icon%22%3A%22dfd_icons%22%2C%22ic_dfd_icons%22%3A%22dfd-socicon-icon-social-buffer%22%2C%22icon_text%22%3A%2202%22%2C%22block_title%22%3A%22INSTRUMENTUL%20ELECTRONIC%20PENTRU%20DIAGNOSTICUL%20PROCESELOR%20COGNITIVE%20%C8%98I%20STILURI%20DE%20%C3%8ENV%C4%82%C8%9AARE%20PENTRU%20COPII%22%2C%22block_subtitle%22%3A%22de%20la%2011%20la%2014%20ani%22%2C%22block_content%22%3A%22-%20instrument%20electronic%20multidimensional%20conceput%20pentru%20diagnosticarea%20stilului%20de%20%C3%AEnv%C4%83%C8%9Bare%20preferat%20%C8%99i%20a%20proceselor%20cognitive%20ale%20copiilor%20%C8%99i%20adolescen%C8%9Bilor%20la%20v%C3%A2rsta%20%C8%99colar%C4%83%20(11-14%20ani).%20Va%20fi%20un%20instrument%20standardizat%20preg%C4%83tit%20conform%20abord%C4%83rii%20psihometrice.%22%7D%2C%7B%22icon_type%22%3A%22text%22%2C%22select_icon%22%3A%22dfd_icons%22%2C%22ic_dfd_icons%22%3A%22dfd-socicon-icon-social-buffer%22%2C%22icon_text%22%3A%2203%22%2C%22block_title%22%3A%22INSTRUMENT%20DE%20FORMARE%20PENTRU%20PROFESORI%20%C8%98I%20EDUCATORI%22%2C%22block_subtitle%22%3A%22Adul%C8%9Bi%22%2C%22block_content%22%3A%22-%20disponibil%20%C3%AEntr-o%20form%C4%83%20de%20%C3%AEnv%C4%83%C8%9Bare%20electronic%C4%83%20va%20con%C8%9Bine%2010%20instruiri%20on-line%2C%20de%20scurt%C4%83%20durat%C4%83%20(1-3%20ore)%2C%20%C3%AEn%20form%C4%83%20multimedia%20axat%C4%83%20pe%20cele%20mai%20recente%20descoperiri%20ale%20neuro-pedagogiei%20(stiluri%20de%20%C3%AEnv%C4%83%C8%9Bare%2C%20cum%20s%C4%83%20%C3%AEnve%C8%9Bi%20copiii%2C%20predare%20multisenzorial%C4%83%20etc.)%20pentru%20a%20oferi%20cadrelor%20didactice%20cuno%C8%99tin%C8%9Bele%2C%20strategiile%20%C8%99i%20o%20serie%20de%20abord%C4%83ri%20care%20s%C4%83%20%C3%AEi%20sprijine%20%C3%AEn%20predarea%20%2C%20aplicarea%20%C8%99i%20utilizarea%20rezultatelor%20inelectuale%20ale%20proiectului%20%C3%AEn%20%C8%99coal%C4%83%20%C8%99i%20dincolo%20de%20spa%C8%9Biul%20%C8%99colii.%22%7D%2C%7B%22icon_type%22%3A%22text%22%2C%22select_icon%22%3A%22dfd_icons%22%2C%22ic_dfd_icons%22%3A%22dfd-socicon-icon-social-buffer%22%2C%22icon_text%22%3A%2204%22%2C%22block_title%22%3A%22INSTRUMENTUL%20EDUCA%C8%9AIONAL%20PENTRU%20ELEVI%20-%20JOCURI%20%C8%98I%20SARCINI%20EDUCA%C8%9AIONALE%22%2C%22block_subtitle%22%3A%226-10%20ani%20%C8%99i%2011-14%20ani.%22%2C%22block_content%22%3A%22-%20are%20ca%20scop%20dezvoltarea%20func%C8%9Biilor%20cognitive%20%C8%99i%20sprijin%C4%83%20elevii%20%C3%AEn%20dezvoltarea%20abilit%C4%83%C8%9Bilor%20de%20%C3%AEnv%C4%83%C8%9Bare%20eficient%C4%83%20%C8%99i%20utilizarea%20resurselor%20%C8%99i%20a%20poten%C8%9Bialului%20cerebral%20complet.%20Acesta%20va%20fi%20compus%20dintr-un%20set%20unic%20online%20de%20exerci%C8%9Bii%20scurte%20pentru%20sus%C8%9Binerea%20%2F%20dezvoltarea%20proceselor%20cognitive%20favorabile%20%C3%AEnv%C4%83%C8%9B%C4%83rii%20eficiente%20%C8%99i%2C%20de%20asemenea%2C%20exerci%C8%9Bii%20care%20dezvolt%C4%83%20diverse%20tehnici%20%C8%99i%20metode%20de%20%C3%AEnv%C4%83%C8%9Bare.%20Exerci%C8%9Biile%20vor%20fi%20%C3%AEmp%C4%83r%C8%9Bite%20%C3%AEn%20dou%C4%83%20grupe%20de%20v%C3%A2rst%C4%83%3A%206-10%20ani%20%C8%99i%2011-14%20ani.%22%7D%5D&#8221; icon_size_st4=&#8221;100&#8243; hor_content_offset=&#8221;20&#8243; vertical_content_offset=&#8221;20&#8243; main_style=&#8221;style-4&#8243; title_font_options=&#8221;tag:div|font_size:20|line_height:30&#8243; subtitle_font_options=&#8221;tag:div|font_size:20|color:%2300339b|line_height:40&#8243; back_bg_color=&#8221;#ffffff&#8221; font_options=&#8221;color:%23333333&#8243;][dfd_spacer screen_wide_spacer_size=&#8221;60&#8243; screen_normal_resolution=&#8221;1024&#8243; screen_tablet_resolution=&#8221;800&#8243; screen_mobile_resolution=&#8221;480&#8243; screen_normal_spacer_size=&#8221;60&#8243; screen_tablet_spacer_size=&#8221;40&#8243; screen_mobile_spacer_size=&#8221;30&#8243;][\/vc_column][\/vc_row][vc_row][vc_column][dfd_spacer screen_wide_spacer_size=&#8221;100&#8243; screen_normal_resolution=&#8221;1024&#8243; screen_tablet_resolution=&#8221;800&#8243; screen_mobile_resolution=&#8221;480&#8243; screen_normal_spacer_size=&#8221;100&#8243; screen_tablet_spacer_size=&#8221;80&#8243; screen_mobile_spacer_size=&#8221;60&#8243;][vc_custom_heading text=&#8221;Grupuri- \u021bint\u0103&#8221; font_container=&#8221;tag:h2|text_align:center&#8221; use_theme_fonts=&#8221;yes&#8221;][vc_column_text]<\/p>\n<p style=\"text-align: center;\">Grupurile \u021bint\u0103 ale proiectului care vor beneficia de produsele proiectului \u0219i vor participa la activit\u0103\u021bile proiectului sunt urm\u0103toarele:<\/p>\n<p>[\/vc_column_text][dfd_single_image retina_image_size=&#8221;x2&#8243; image=&#8221;281&#8243; retina_image_x2=&#8221;286&#8243;][\/vc_column][\/vc_row][vc_row][vc_column width=&#8221;1\/2&#8243;][dfd_spacer screen_wide_spacer_size=&#8221;60&#8243; screen_normal_resolution=&#8221;1024&#8243; screen_tablet_resolution=&#8221;800&#8243; screen_mobile_resolution=&#8221;480&#8243; screen_normal_spacer_size=&#8221;60&#8243; screen_tablet_spacer_size=&#8221;40&#8243; screen_mobile_spacer_size=&#8221;30&#8243;][vc_column_text]<\/p>\n<h4 style=\"text-align: center;\">direct<\/h4>\n<ul>\n<li>elevi din ciclul primar \u0219i gimnazial (6-14 ani)<\/li>\n<li>p\u0103rin\u021bii lor<\/li>\n<li>profesorii implica\u021bi \u00een aspectele consilierii educa\u021bionale<\/li>\n<li>cadre didactice din \u00eenv\u0103\u021b\u0103m\u00e2ntul primar \u0219i \/ sau secundar inferior<\/li>\n<li>exper\u021bi din \u0219coala primar\u0103 \u0219i \/ sau din \u0219coala inferioar\u0103 &#8211; psihologi \u0219colari, educatori<\/li>\n<\/ul>\n<p>[\/vc_column_text][\/vc_column][vc_column width=&#8221;1\/2&#8243;][dfd_spacer screen_wide_spacer_size=&#8221;60&#8243; screen_normal_resolution=&#8221;1024&#8243; screen_tablet_resolution=&#8221;800&#8243; screen_mobile_resolution=&#8221;480&#8243; screen_normal_spacer_size=&#8221;60&#8243; screen_tablet_spacer_size=&#8221;40&#8243; screen_mobile_spacer_size=&#8221;30&#8243;][vc_column_text]<\/p>\n<h4 style=\"text-align: center;\">indirect<\/h4>\n<ul>\n<li>institu\u021bii de \u00eenv\u0103\u021b\u0103m\u00e2nt care ofer\u0103 servicii legate de orientarea pedagogic\u0103<\/li>\n<li>centre de consiliere<\/li>\n<\/ul>\n<p>[\/vc_column_text][\/vc_column][\/vc_row][vc_row][vc_column width=&#8221;1\/4&#8243;][\/vc_column][vc_column width=&#8221;1\/2&#8243;][dfd_spacer screen_wide_spacer_size=&#8221;60&#8243; screen_normal_resolution=&#8221;1024&#8243; screen_tablet_resolution=&#8221;800&#8243; screen_mobile_resolution=&#8221;480&#8243; screen_normal_spacer_size=&#8221;60&#8243; screen_tablet_spacer_size=&#8221;40&#8243; screen_mobile_spacer_size=&#8221;30&#8243;][vc_column_text]<\/p>\n<h4 style=\"text-align: center;\">alte p\u0103r\u021bi interesate relevante<\/h4>\n<ul>\n<li>autorit\u0103\u021bile locale, regionale responsabile cu educa\u021bia<\/li>\n<li>universit\u0103\u021bi \/ institu\u021bii de \u00eenv\u0103\u021b\u0103m\u00e2nt superior<\/li>\n<li>asocia\u021bii de p\u0103rin\u021bi \u0219i profesori<\/li>\n<li>platforme pentru profesioni\u0219ti din educa\u021bie, cum ar fi eTwinning, Portal de educa\u021bie \u0219colar\u0103<\/li>\n<\/ul>\n<p>[\/vc_column_text][\/vc_column][vc_column width=&#8221;1\/4&#8243;][\/vc_column][\/vc_row]<\/p>\n","protected":false},"excerpt":{"rendered":"<p>[vc_row][vc_column][dfd_spacer screen_wide_spacer_size=&#8221;100&#8243; screen_normal_resolution=&#8221;1024&#8243; screen_tablet_resolution=&#8221;800&#8243; screen_mobile_resolution=&#8221;480&#8243; screen_normal_spacer_size=&#8221;100&#8243; screen_tablet_spacer_size=&#8221;80&#8243; screen_mobile_spacer_size=&#8221;60&#8243;][\/vc_column][\/vc_row][vc_row][vc_column][vc_custom_heading text=&#8221;Proiectul PRO-LEARN&#8221; font_container=&#8221;tag:h2|text_align:center&#8221; use_theme_fonts=&#8221;yes&#8221;][vc_column_text] Promovarea procesului de \u00eenv\u0103\u021bare a copiilor \u0219i a abilit\u0103\u021bilor cognitive prin abordare holistic\u0103 \u0219i metode inovatoare [\/vc_column_text][dfd_single_image retina_image_size=&#8221;x2&#8243;<\/p>\n","protected":false},"author":1,"featured_media":736,"parent":0,"menu_order":0,"comment_status":"closed","ping_status":"closed","template":"tmp-page.php","meta":[],"yoast_head":"<!-- This site is optimized with the Yoast SEO plugin v19.6 - https:\/\/yoast.com\/wordpress\/plugins\/seo\/ -->\n<title>Despre - PROLEARN<\/title>\n<meta name=\"robots\" content=\"index, follow, max-snippet:-1, max-image-preview:large, max-video-preview:-1\" \/>\n<link rel=\"canonical\" href=\"https:\/\/prolearn-project.eu\/about\/\" \/>\n<meta property=\"og:locale\" content=\"ro_RO\" \/>\n<meta property=\"og:type\" content=\"article\" \/>\n<meta property=\"og:title\" content=\"Despre - PROLEARN\" \/>\n<meta property=\"og:description\" content=\"[vc_row][vc_column][dfd_spacer screen_wide_spacer_size=&#8221;100&#8243; screen_normal_resolution=&#8221;1024&#8243; screen_tablet_resolution=&#8221;800&#8243; screen_mobile_resolution=&#8221;480&#8243; screen_normal_spacer_size=&#8221;100&#8243; screen_tablet_spacer_size=&#8221;80&#8243; screen_mobile_spacer_size=&#8221;60&#8243;][\/vc_column][\/vc_row][vc_row][vc_column][vc_custom_heading text=&#8221;Proiectul PRO-LEARN&#8221; font_container=&#8221;tag:h2|text_align:center&#8221; use_theme_fonts=&#8221;yes&#8221;][vc_column_text] Promovarea procesului de \u00eenv\u0103\u021bare a copiilor \u0219i a abilit\u0103\u021bilor cognitive prin abordare holistic\u0103 \u0219i metode inovatoare [\/vc_column_text][dfd_single_image retina_image_size=&#8221;x2&#8243;\" \/>\n<meta property=\"og:url\" content=\"https:\/\/prolearn-project.eu\/about\/\" \/>\n<meta property=\"og:site_name\" content=\"PROLEARN\" \/>\n<meta property=\"article:publisher\" content=\"https:\/\/www.facebook.com\/prolearn.eu\/\" \/>\n<meta property=\"article:modified_time\" content=\"2022-10-27T08:40:07+00:00\" \/>\n<meta property=\"og:image\" content=\"https:\/\/prolearn-project.eu\/wp-content\/uploads\/2020\/03\/featured-image-about-prolearn.jpg\" \/>\n\t<meta property=\"og:image:width\" content=\"1200\" \/>\n\t<meta property=\"og:image:height\" content=\"630\" \/>\n\t<meta property=\"og:image:type\" content=\"image\/jpeg\" \/>\n<meta name=\"twitter:card\" content=\"summary_large_image\" \/>\n<meta name=\"twitter:label1\" content=\"Timp estimat pentru citire\" \/>\n\t<meta name=\"twitter:data1\" content=\"7 minute\" \/>\n<script type=\"application\/ld+json\" class=\"yoast-schema-graph\">{\"@context\":\"https:\/\/schema.org\",\"@graph\":[{\"@type\":\"WebPage\",\"@id\":\"https:\/\/prolearn-project.eu\/about\/\",\"url\":\"https:\/\/prolearn-project.eu\/about\/\",\"name\":\"Despre - PROLEARN\",\"isPartOf\":{\"@id\":\"https:\/\/prolearn-project.eu\/#website\"},\"datePublished\":\"2020-04-27T14:03:14+00:00\",\"dateModified\":\"2022-10-27T08:40:07+00:00\",\"breadcrumb\":{\"@id\":\"https:\/\/prolearn-project.eu\/about\/#breadcrumb\"},\"inLanguage\":\"ro-RO\",\"potentialAction\":[{\"@type\":\"ReadAction\",\"target\":[\"https:\/\/prolearn-project.eu\/about\/\"]}]},{\"@type\":\"BreadcrumbList\",\"@id\":\"https:\/\/prolearn-project.eu\/about\/#breadcrumb\",\"itemListElement\":[{\"@type\":\"ListItem\",\"position\":1,\"name\":\"Home\",\"item\":\"https:\/\/prolearn-project.eu\/\"},{\"@type\":\"ListItem\",\"position\":2,\"name\":\"Despre\"}]},{\"@type\":\"WebSite\",\"@id\":\"https:\/\/prolearn-project.eu\/#website\",\"url\":\"https:\/\/prolearn-project.eu\/\",\"name\":\"PROLEARN\",\"description\":\"How to upskill Teachers in the new era\",\"potentialAction\":[{\"@type\":\"SearchAction\",\"target\":{\"@type\":\"EntryPoint\",\"urlTemplate\":\"https:\/\/prolearn-project.eu\/?s={search_term_string}\"},\"query-input\":\"required name=search_term_string\"}],\"inLanguage\":\"ro-RO\"}]}<\/script>\n<!-- \/ Yoast SEO plugin. -->","yoast_head_json":{"title":"Despre - PROLEARN","robots":{"index":"index","follow":"follow","max-snippet":"max-snippet:-1","max-image-preview":"max-image-preview:large","max-video-preview":"max-video-preview:-1"},"canonical":"https:\/\/prolearn-project.eu\/about\/","og_locale":"ro_RO","og_type":"article","og_title":"Despre - PROLEARN","og_description":"[vc_row][vc_column][dfd_spacer screen_wide_spacer_size=&#8221;100&#8243; screen_normal_resolution=&#8221;1024&#8243; screen_tablet_resolution=&#8221;800&#8243; screen_mobile_resolution=&#8221;480&#8243; screen_normal_spacer_size=&#8221;100&#8243; screen_tablet_spacer_size=&#8221;80&#8243; screen_mobile_spacer_size=&#8221;60&#8243;][\/vc_column][\/vc_row][vc_row][vc_column][vc_custom_heading text=&#8221;Proiectul PRO-LEARN&#8221; font_container=&#8221;tag:h2|text_align:center&#8221; use_theme_fonts=&#8221;yes&#8221;][vc_column_text] Promovarea procesului de \u00eenv\u0103\u021bare a copiilor \u0219i a abilit\u0103\u021bilor cognitive prin abordare holistic\u0103 \u0219i metode inovatoare [\/vc_column_text][dfd_single_image retina_image_size=&#8221;x2&#8243;","og_url":"https:\/\/prolearn-project.eu\/about\/","og_site_name":"PROLEARN","article_publisher":"https:\/\/www.facebook.com\/prolearn.eu\/","article_modified_time":"2022-10-27T08:40:07+00:00","og_image":[{"width":1200,"height":630,"url":"https:\/\/prolearn-project.eu\/wp-content\/uploads\/2020\/03\/featured-image-about-prolearn.jpg","type":"image\/jpeg"}],"twitter_card":"summary_large_image","twitter_misc":{"Timp estimat pentru citire":"7 minute"},"schema":{"@context":"https:\/\/schema.org","@graph":[{"@type":"WebPage","@id":"https:\/\/prolearn-project.eu\/about\/","url":"https:\/\/prolearn-project.eu\/about\/","name":"Despre - PROLEARN","isPartOf":{"@id":"https:\/\/prolearn-project.eu\/#website"},"datePublished":"2020-04-27T14:03:14+00:00","dateModified":"2022-10-27T08:40:07+00:00","breadcrumb":{"@id":"https:\/\/prolearn-project.eu\/about\/#breadcrumb"},"inLanguage":"ro-RO","potentialAction":[{"@type":"ReadAction","target":["https:\/\/prolearn-project.eu\/about\/"]}]},{"@type":"BreadcrumbList","@id":"https:\/\/prolearn-project.eu\/about\/#breadcrumb","itemListElement":[{"@type":"ListItem","position":1,"name":"Home","item":"https:\/\/prolearn-project.eu\/"},{"@type":"ListItem","position":2,"name":"Despre"}]},{"@type":"WebSite","@id":"https:\/\/prolearn-project.eu\/#website","url":"https:\/\/prolearn-project.eu\/","name":"PROLEARN","description":"How to upskill Teachers in the new era","potentialAction":[{"@type":"SearchAction","target":{"@type":"EntryPoint","urlTemplate":"https:\/\/prolearn-project.eu\/?s={search_term_string}"},"query-input":"required name=search_term_string"}],"inLanguage":"ro-RO"}]}},"_links":{"self":[{"href":"https:\/\/prolearn-project.eu\/ro\/wp-json\/wp\/v2\/pages\/856"}],"collection":[{"href":"https:\/\/prolearn-project.eu\/ro\/wp-json\/wp\/v2\/pages"}],"about":[{"href":"https:\/\/prolearn-project.eu\/ro\/wp-json\/wp\/v2\/types\/page"}],"author":[{"embeddable":true,"href":"https:\/\/prolearn-project.eu\/ro\/wp-json\/wp\/v2\/users\/1"}],"replies":[{"embeddable":true,"href":"https:\/\/prolearn-project.eu\/ro\/wp-json\/wp\/v2\/comments?post=856"}],"version-history":[{"count":4,"href":"https:\/\/prolearn-project.eu\/ro\/wp-json\/wp\/v2\/pages\/856\/revisions"}],"predecessor-version":[{"id":2359,"href":"https:\/\/prolearn-project.eu\/ro\/wp-json\/wp\/v2\/pages\/856\/revisions\/2359"}],"wp:featuredmedia":[{"embeddable":true,"href":"https:\/\/prolearn-project.eu\/ro\/wp-json\/wp\/v2\/media\/736"}],"wp:attachment":[{"href":"https:\/\/prolearn-project.eu\/ro\/wp-json\/wp\/v2\/media?parent=856"}],"curies":[{"name":"wp","href":"https:\/\/api.w.org\/{rel}","templated":true}]}}