{"id":860,"date":"2020-04-27T14:15:09","date_gmt":"2020-04-27T14:15:09","guid":{"rendered":"https:\/\/prolearn-project.eu\/instrument-electronic-pentru-diagnosticarea-proceselor-cognitive-ale-copiilor-mai-mici\/"},"modified":"2022-10-27T12:36:31","modified_gmt":"2022-10-27T12:36:31","slug":"instrument-electronic-pentru-diagnosticarea-proceselor-cognitive-ale-copiilor-mai-mici","status":"publish","type":"page","link":"https:\/\/prolearn-project.eu\/ro\/instrument-electronic-pentru-diagnosticarea-proceselor-cognitive-ale-copiilor-mai-mici\/","title":{"rendered":"Instrument electronic pentru diagnosticarea proceselor cognitive ale copiilor mai mici"},"content":{"rendered":"<p>[vc_row][vc_column][dfd_spacer screen_wide_spacer_size=&#8221;80&#8243; screen_normal_resolution=&#8221;1024&#8243; screen_tablet_resolution=&#8221;800&#8243; screen_mobile_resolution=&#8221;480&#8243; screen_normal_spacer_size=&#8221;60&#8243; screen_tablet_spacer_size=&#8221;60&#8243; screen_mobile_spacer_size=&#8221;40&#8243;][vc_column_text]<\/p>\n<h3 style=\"text-align: center;\">Instrumentul electronic pentru diagnosticarea proceselor cognitive \u0219i a stilurilor de \u00eenv\u0103\u021bare ale copiilor mai mici<\/h3>\n<p>[\/vc_column_text][dfd_single_image retina_image_size=&#8221;x2&#8243; image=&#8221;420&#8243; retina_image_x2=&#8221;425&#8243;][vc_column_text]<\/p>\n<h3 style=\"text-align: center;\">(de la 6 la 10 ani)<\/h3>\n<p>[\/vc_column_text][dfd_spacer screen_wide_spacer_size=&#8221;80&#8243; screen_normal_resolution=&#8221;1024&#8243; screen_tablet_resolution=&#8221;800&#8243; screen_mobile_resolution=&#8221;480&#8243; screen_normal_spacer_size=&#8221;60&#8243; screen_tablet_spacer_size=&#8221;60&#8243; screen_mobile_spacer_size=&#8221;40&#8243;][vc_column_text]<\/p>\n<p style=\"text-align: justify;\">Chestionarul PRO-LEARN Kids este conceput pentru a m\u0103sura dou\u0103 domenii cheie de func\u021bionare a copiilor\/elevilor cu v\u00e2rste cuprinse \u00eentre 6 \u0219i 10 ani :<br \/>\n(1) procese cognitive legate de memorie, g\u00e2ndire, aten\u021bie \u0219i percep\u021bie.<br \/>\n(2) stiluri de \u00eenv\u0103\u021bare preferate (vizuale, auditive, citit-scris, kinestezic)<\/p>\n<p style=\"text-align: justify;\">A fost dezvoltat folosind procedura psihometric\u0103 aplicat\u0103 \u00een mod obi\u0219nuit \u00een psihologie. Efectul procedurii psihometrice aplicate este crearea unui instrument precis, fiabil, standardizat, obiectiv \u0219i normalizat pentru diagnosticarea proceselor cognitive \u0219i stiluri de \u00eenv\u0103\u021bare necesare at\u00e2t \u00een domeniul educa\u021biei , c\u00e2t \u0219i \u00een func\u021bionarea zilnic\u0103 a copiilor.<\/p>\n<p style=\"text-align: justify;\">Cuno\u0219tin\u021bele despre func\u021bionarea copilului \u00een aceste dou\u0103 domenii (procese cognitive \u0219i stiluri de \u00eenv\u0103\u021bare) sunt foarte importante. Acesta permite p\u0103rin\u021bilor, profesorilor \u0219i educatorilor s\u0103 ia m\u0103suri de sprijinire a dezvolt\u0103rii intelectuale a copiilor, s\u0103 pun\u0103 \u00een aplicare metode de predare adecvate \u0219i s\u0103 dezvolte programe pentru a sprijini copiii \u00een procesul lor de educa\u021bie. Pe de alt\u0103 parte, ajut\u0103 copilul s\u0103 \u00eenve\u021be \u0219i s\u0103 func\u021bioneze mai eficient \u00een mediul \u0219colar.<\/p>\n<p style=\"text-align: justify;\">Chestionarul PRO-LEARN Pentru copii trebuie completat de un profesor sau p\u0103rinte\/tutore legal al copilului\/elevului cu v\u00e2rsta cuprins\u0103 \u00eentre 6 \u0219i 10 ani . Dup\u0103 finalizarea testului online, sistemul contorizeaz\u0103 automat rezultatele \u0219i le transform\u0103 \u00eentr-un raport standardizat de scar\u0103 \u0219i feedback.<\/p>\n<p style=\"text-align: justify;\">Raportul con\u021bine (1) informa\u021bii despre ceea ce evalueaz\u0103 chestionarul PRO-LEARN Kids, (2) patru procese cognitive de baz\u0103 \u0219i interpretarea acestora \u0219i (3) descrierea a dou\u0103 stiluri de \u00eenv\u0103\u021bare dominante. Raportul include , de asemenea, (4) orient\u0103ri pentru lucrul cu copilul: diferite pentru p\u0103rin\u021bi\/tutori legali \u0219i pentru profesori \u2013 astfel \u00eenc\u00e2t acestea s\u0103 poat\u0103 fi puse \u00een aplicare acas\u0103 \u0219i la \u0219coal\u0103. Pentru a afla mai multe despre instrumentul PRO-LEARN pentru copii, v\u0103 rug\u0103m s\u0103 citi\u021bi Manualul.<\/p>\n<p>[\/vc_column_text][\/vc_column][\/vc_row][vc_row][vc_column][dfd_spacer screen_wide_spacer_size=&#8221;50&#8243; screen_normal_resolution=&#8221;1024&#8243; screen_tablet_resolution=&#8221;800&#8243; screen_mobile_resolution=&#8221;480&#8243;][\/vc_column][\/vc_row][vc_row][vc_column][dfd_button button_text=&#8221;Manualul&#8221; main_style=&#8221;style-2&#8243; buttom_link_src=&#8221;url:https%3A%2F%2Fprolearn-project.eu%2Fwp-content%2Fuploads%2F2022%2F10%2FPRO-LEARN-Kids-Manual_RO.pdf|target:_blank&#8221; undefined=&#8221;&#8221; box_shadow=&#8221;box_shadow_enable:disable|shadow_horizontal:0|shadow_vertical:15|shadow_blur:50|shadow_spread:0|box_shadow_color:rgba(0%2C0%2C0%2C0.35)&#8221; hover_box_shadow=&#8221;box_shadow_enable:disable|shadow_horizontal:0|shadow_vertical:15|shadow_blur:50|shadow_spread:0|box_shadow_color:rgba(0%2C0%2C0%2C0.35)&#8221;][vc_empty_space][dfd_button button_text=&#8221;Instrumentul PRO-LEARN pentru copii&#8221; main_style=&#8221;style-2&#8243; buttom_link_src=&#8221;url:https%3A%2F%2Fprolearn.oic.lublin.pl%2F|target:_blank&#8221; tutorials=&#8221;&#8221; undefined=&#8221;&#8221; box_shadow=&#8221;box_shadow_enable:disable|shadow_horizontal:0|shadow_vertical:15|shadow_blur:50|shadow_spread:0|box_shadow_color:rgba(0%2C0%2C0%2C0.35)&#8221; hover_box_shadow=&#8221;box_shadow_enable:disable|shadow_horizontal:0|shadow_vertical:15|shadow_blur:50|shadow_spread:0|box_shadow_color:rgba(0%2C0%2C0%2C0.35)&#8221;][\/vc_column][\/vc_row]<\/p>\n","protected":false},"excerpt":{"rendered":"<p>[vc_row][vc_column][dfd_spacer screen_wide_spacer_size=&#8221;80&#8243; screen_normal_resolution=&#8221;1024&#8243; screen_tablet_resolution=&#8221;800&#8243; screen_mobile_resolution=&#8221;480&#8243; screen_normal_spacer_size=&#8221;60&#8243; screen_tablet_spacer_size=&#8221;60&#8243; screen_mobile_spacer_size=&#8221;40&#8243;][vc_column_text] Instrumentul electronic pentru diagnosticarea proceselor cognitive \u0219i a stilurilor de \u00eenv\u0103\u021bare ale copiilor mai mici [\/vc_column_text][dfd_single_image retina_image_size=&#8221;x2&#8243; image=&#8221;420&#8243; retina_image_x2=&#8221;425&#8243;][vc_column_text] (de la 6<\/p>\n","protected":false},"author":2,"featured_media":756,"parent":0,"menu_order":0,"comment_status":"closed","ping_status":"closed","template":"","meta":[],"yoast_head":"<!-- This site is optimized with the Yoast SEO plugin v19.6 - https:\/\/yoast.com\/wordpress\/plugins\/seo\/ -->\n<title>Instrument electronic pentru diagnosticarea proceselor cognitive ale copiilor mai mici - PROLEARN<\/title>\n<meta name=\"robots\" content=\"index, follow, max-snippet:-1, max-image-preview:large, max-video-preview:-1\" \/>\n<link rel=\"canonical\" href=\"https:\/\/prolearn-project.eu\/diagnosis-of-cognitive-processes\/\" \/>\n<meta property=\"og:locale\" content=\"ro_RO\" \/>\n<meta property=\"og:type\" content=\"article\" \/>\n<meta property=\"og:title\" content=\"Instrument electronic pentru diagnosticarea proceselor cognitive ale copiilor mai mici - PROLEARN\" \/>\n<meta property=\"og:description\" content=\"[vc_row][vc_column][dfd_spacer screen_wide_spacer_size=&#8221;80&#8243; screen_normal_resolution=&#8221;1024&#8243; screen_tablet_resolution=&#8221;800&#8243; screen_mobile_resolution=&#8221;480&#8243; screen_normal_spacer_size=&#8221;60&#8243; screen_tablet_spacer_size=&#8221;60&#8243; screen_mobile_spacer_size=&#8221;40&#8243;][vc_column_text] Instrumentul electronic pentru diagnosticarea proceselor cognitive \u0219i a stilurilor de \u00eenv\u0103\u021bare ale copiilor mai mici [\/vc_column_text][dfd_single_image retina_image_size=&#8221;x2&#8243; image=&#8221;420&#8243; retina_image_x2=&#8221;425&#8243;][vc_column_text] (de la 6\" \/>\n<meta property=\"og:url\" content=\"https:\/\/prolearn-project.eu\/diagnosis-of-cognitive-processes\/\" \/>\n<meta property=\"og:site_name\" content=\"PROLEARN\" \/>\n<meta property=\"article:publisher\" content=\"https:\/\/www.facebook.com\/prolearn.eu\/\" \/>\n<meta property=\"article:modified_time\" content=\"2022-10-27T12:36:31+00:00\" \/>\n<meta property=\"og:image\" content=\"https:\/\/prolearn-project.eu\/wp-content\/uploads\/2020\/03\/featured-image-Electronic-tool-younger-children.jpg\" \/>\n\t<meta property=\"og:image:width\" content=\"1200\" \/>\n\t<meta property=\"og:image:height\" content=\"630\" \/>\n\t<meta property=\"og:image:type\" content=\"image\/jpeg\" \/>\n<meta name=\"twitter:card\" content=\"summary_large_image\" \/>\n<meta name=\"twitter:label1\" content=\"Timp estimat pentru citire\" \/>\n\t<meta name=\"twitter:data1\" content=\"3 minute\" \/>\n<script type=\"application\/ld+json\" class=\"yoast-schema-graph\">{\"@context\":\"https:\/\/schema.org\",\"@graph\":[{\"@type\":\"WebPage\",\"@id\":\"https:\/\/prolearn-project.eu\/diagnosis-of-cognitive-processes\/\",\"url\":\"https:\/\/prolearn-project.eu\/diagnosis-of-cognitive-processes\/\",\"name\":\"Instrument electronic pentru diagnosticarea proceselor cognitive ale copiilor mai mici - PROLEARN\",\"isPartOf\":{\"@id\":\"https:\/\/prolearn-project.eu\/#website\"},\"datePublished\":\"2020-04-27T14:15:09+00:00\",\"dateModified\":\"2022-10-27T12:36:31+00:00\",\"breadcrumb\":{\"@id\":\"https:\/\/prolearn-project.eu\/diagnosis-of-cognitive-processes\/#breadcrumb\"},\"inLanguage\":\"ro-RO\",\"potentialAction\":[{\"@type\":\"ReadAction\",\"target\":[\"https:\/\/prolearn-project.eu\/diagnosis-of-cognitive-processes\/\"]}]},{\"@type\":\"BreadcrumbList\",\"@id\":\"https:\/\/prolearn-project.eu\/diagnosis-of-cognitive-processes\/#breadcrumb\",\"itemListElement\":[{\"@type\":\"ListItem\",\"position\":1,\"name\":\"Home\",\"item\":\"https:\/\/prolearn-project.eu\/\"},{\"@type\":\"ListItem\",\"position\":2,\"name\":\"Instrument electronic pentru diagnosticarea proceselor cognitive ale copiilor mai mici\"}]},{\"@type\":\"WebSite\",\"@id\":\"https:\/\/prolearn-project.eu\/#website\",\"url\":\"https:\/\/prolearn-project.eu\/\",\"name\":\"PROLEARN\",\"description\":\"How to upskill Teachers in the new era\",\"potentialAction\":[{\"@type\":\"SearchAction\",\"target\":{\"@type\":\"EntryPoint\",\"urlTemplate\":\"https:\/\/prolearn-project.eu\/?s={search_term_string}\"},\"query-input\":\"required name=search_term_string\"}],\"inLanguage\":\"ro-RO\"}]}<\/script>\n<!-- \/ Yoast SEO plugin. -->","yoast_head_json":{"title":"Instrument electronic pentru diagnosticarea proceselor cognitive ale copiilor mai mici - PROLEARN","robots":{"index":"index","follow":"follow","max-snippet":"max-snippet:-1","max-image-preview":"max-image-preview:large","max-video-preview":"max-video-preview:-1"},"canonical":"https:\/\/prolearn-project.eu\/diagnosis-of-cognitive-processes\/","og_locale":"ro_RO","og_type":"article","og_title":"Instrument electronic pentru diagnosticarea proceselor cognitive ale copiilor mai mici - PROLEARN","og_description":"[vc_row][vc_column][dfd_spacer screen_wide_spacer_size=&#8221;80&#8243; screen_normal_resolution=&#8221;1024&#8243; screen_tablet_resolution=&#8221;800&#8243; screen_mobile_resolution=&#8221;480&#8243; screen_normal_spacer_size=&#8221;60&#8243; screen_tablet_spacer_size=&#8221;60&#8243; screen_mobile_spacer_size=&#8221;40&#8243;][vc_column_text] Instrumentul electronic pentru diagnosticarea proceselor cognitive \u0219i a stilurilor de \u00eenv\u0103\u021bare ale copiilor mai mici [\/vc_column_text][dfd_single_image retina_image_size=&#8221;x2&#8243; image=&#8221;420&#8243; retina_image_x2=&#8221;425&#8243;][vc_column_text] (de la 6","og_url":"https:\/\/prolearn-project.eu\/diagnosis-of-cognitive-processes\/","og_site_name":"PROLEARN","article_publisher":"https:\/\/www.facebook.com\/prolearn.eu\/","article_modified_time":"2022-10-27T12:36:31+00:00","og_image":[{"width":1200,"height":630,"url":"https:\/\/prolearn-project.eu\/wp-content\/uploads\/2020\/03\/featured-image-Electronic-tool-younger-children.jpg","type":"image\/jpeg"}],"twitter_card":"summary_large_image","twitter_misc":{"Timp estimat pentru citire":"3 minute"},"schema":{"@context":"https:\/\/schema.org","@graph":[{"@type":"WebPage","@id":"https:\/\/prolearn-project.eu\/diagnosis-of-cognitive-processes\/","url":"https:\/\/prolearn-project.eu\/diagnosis-of-cognitive-processes\/","name":"Instrument electronic pentru diagnosticarea proceselor cognitive ale copiilor mai mici - PROLEARN","isPartOf":{"@id":"https:\/\/prolearn-project.eu\/#website"},"datePublished":"2020-04-27T14:15:09+00:00","dateModified":"2022-10-27T12:36:31+00:00","breadcrumb":{"@id":"https:\/\/prolearn-project.eu\/diagnosis-of-cognitive-processes\/#breadcrumb"},"inLanguage":"ro-RO","potentialAction":[{"@type":"ReadAction","target":["https:\/\/prolearn-project.eu\/diagnosis-of-cognitive-processes\/"]}]},{"@type":"BreadcrumbList","@id":"https:\/\/prolearn-project.eu\/diagnosis-of-cognitive-processes\/#breadcrumb","itemListElement":[{"@type":"ListItem","position":1,"name":"Home","item":"https:\/\/prolearn-project.eu\/"},{"@type":"ListItem","position":2,"name":"Instrument electronic pentru diagnosticarea proceselor cognitive ale copiilor mai mici"}]},{"@type":"WebSite","@id":"https:\/\/prolearn-project.eu\/#website","url":"https:\/\/prolearn-project.eu\/","name":"PROLEARN","description":"How to upskill Teachers in the new era","potentialAction":[{"@type":"SearchAction","target":{"@type":"EntryPoint","urlTemplate":"https:\/\/prolearn-project.eu\/?s={search_term_string}"},"query-input":"required name=search_term_string"}],"inLanguage":"ro-RO"}]}},"_links":{"self":[{"href":"https:\/\/prolearn-project.eu\/ro\/wp-json\/wp\/v2\/pages\/860"}],"collection":[{"href":"https:\/\/prolearn-project.eu\/ro\/wp-json\/wp\/v2\/pages"}],"about":[{"href":"https:\/\/prolearn-project.eu\/ro\/wp-json\/wp\/v2\/types\/page"}],"author":[{"embeddable":true,"href":"https:\/\/prolearn-project.eu\/ro\/wp-json\/wp\/v2\/users\/2"}],"replies":[{"embeddable":true,"href":"https:\/\/prolearn-project.eu\/ro\/wp-json\/wp\/v2\/comments?post=860"}],"version-history":[{"count":7,"href":"https:\/\/prolearn-project.eu\/ro\/wp-json\/wp\/v2\/pages\/860\/revisions"}],"predecessor-version":[{"id":2377,"href":"https:\/\/prolearn-project.eu\/ro\/wp-json\/wp\/v2\/pages\/860\/revisions\/2377"}],"wp:featuredmedia":[{"embeddable":true,"href":"https:\/\/prolearn-project.eu\/ro\/wp-json\/wp\/v2\/media\/756"}],"wp:attachment":[{"href":"https:\/\/prolearn-project.eu\/ro\/wp-json\/wp\/v2\/media?parent=860"}],"curies":[{"name":"wp","href":"https:\/\/api.w.org\/{rel}","templated":true}]}}