{"id":862,"date":"2020-04-27T14:23:22","date_gmt":"2020-04-27T14:23:22","guid":{"rendered":"https:\/\/prolearn-project.eu\/instrument-electronic-pentru-diagnosticarea-stilurilor-de-invatare-si-a-proceselor-cognitive-pentru-copiii-mai-mari\/"},"modified":"2022-11-15T14:34:44","modified_gmt":"2022-11-15T14:34:44","slug":"instrument-electronic-pentru-diagnosticarea-stilurilor-de-invatare-si-a-proceselor-cognitive-pentru-copiii-mai-mari","status":"publish","type":"page","link":"https:\/\/prolearn-project.eu\/ro\/instrument-electronic-pentru-diagnosticarea-stilurilor-de-invatare-si-a-proceselor-cognitive-pentru-copiii-mai-mari\/","title":{"rendered":"Instrument electronic pentru diagnosticarea stilurilor de \u00eenv\u0103\u021bare \u0219i a proceselor cognitive pentru copiii mai mari"},"content":{"rendered":"<p>[vc_row][vc_column][dfd_spacer screen_wide_spacer_size=&#8221;80&#8243; screen_normal_resolution=&#8221;1024&#8243; screen_tablet_resolution=&#8221;800&#8243; screen_mobile_resolution=&#8221;480&#8243; screen_normal_spacer_size=&#8221;60&#8243; screen_tablet_spacer_size=&#8221;60&#8243; screen_mobile_spacer_size=&#8221;40&#8243;][vc_column_text]<\/p>\n<h3 style=\"text-align: center;\">Instrument electronic pentru diagnosticarea stilurilor de \u00eenv\u0103\u021bare \u0219i a proceselor cognitive pentru copiii mai mari<\/h3>\n<p>[\/vc_column_text][dfd_single_image retina_image_size=&#8221;x2&#8243; image=&#8221;431&#8243; retina_image_x2=&#8221;436&#8243;][vc_column_text]<\/p>\n<h3 style=\"text-align: center;\">(de la 11 la 14 ani)<\/h3>\n<p>[\/vc_column_text][dfd_spacer screen_wide_spacer_size=&#8221;80&#8243; screen_normal_resolution=&#8221;1024&#8243; screen_tablet_resolution=&#8221;800&#8243; screen_mobile_resolution=&#8221;480&#8243; screen_normal_spacer_size=&#8221;60&#8243; screen_tablet_spacer_size=&#8221;60&#8243; screen_mobile_spacer_size=&#8221;40&#8243;][vc_column_text]<\/p>\n<p style=\"text-align: justify;\">Instrumentul PRO-LEARN Teens este conceput pentru a m\u0103sura dou\u0103 domenii de functionare cheie a copiilor\/elevilor cu v\u00e2rsta cuprins\u0103 \u00eentre 11 \u0219i 14 ani: (1) procese cognitive legate de memorie, g\u00e2ndire, aten\u021bie \u0219i percep\u021bie (2) stiluri de \u00eenv\u0103\u021bare preferate (vizual, auditiv, citit-scris, kinestezic). A fost dezvoltat folosind procedura psihometric\u0103 aplicat\u0103 \u00een mod obi\u0219nuit \u00een psihologie.<\/p>\n<p style=\"text-align: justify;\">Testul este compus din dou\u0103 p\u0103r\u021bi:<br \/>\n&#8211; Autoevaluarea propriului stil de \u00eenv\u0103\u021bare preferat<br \/>\n&#8211; Evaluare bazat\u0103 pe joc a abilit\u0103\u021bilor cognitive (o serie de sarcini\/jocuri diferite pentru a testa memoria, aten\u021bia, percep\u021bia \u0219i g\u00e2ndirea, de exemplu, elemente ascunse, sunete, pove\u0219ti)<\/p>\n<p style=\"text-align: justify;\">Rezolvarea sarcinilor \u0219i evaluarea afirma\u021biilor incluse \u00een chestionarul PRO-LEARN Teens permite unui elev s\u0103 identifice nivelul de dezvoltare al proceselor sale cognitive \u0219i s\u0103-\u0219i descopere stilul de \u00eenv\u0103\u021bare preferat.<\/p>\n<p style=\"text-align: justify;\">Instrumentul PRO-LEARN Teens ar trebui s\u0103 fie completat de un student cu v\u00e2rsta cuprins\u0103 \u00eentre 11 \u0219i 14 ani. Dup\u0103 finalizarea testului online, sistemul num\u0103r\u0103 automat rezultatele \u0219i le converte\u0219te \u00eentr-o scal\u0103 standardizat\u0103 \u0219i raport de feedback individual. Pe baza rezultatelor diagnosticului, raportul generat va con\u021bine o serie de indicii pentru elev (cum s\u0103 \u00eenve\u021be eficient) \u0219i pentru p\u0103rin\u021bi \u0219i profesori (cum s\u0103 \u00eenve\u021be copilul eficient \u0219i s\u0103-i sus\u021bin\u0103 dezvoltarea).<\/p>\n<p>[\/vc_column_text][\/vc_column][\/vc_row][vc_row][vc_column][vc_empty_space height=&#8221;50px&#8221;][dfd_button button_text=&#8221;Instrumentul PRO-LEARN Teens&#8221; main_style=&#8221;style-2&#8243; buttom_link_src=&#8221;url:https%3A%2F%2Fprolearn-teens.oic.lublin.pl%2Fro|target:_blank&#8221; tutorials=&#8221;&#8221; undefined=&#8221;&#8221; box_shadow=&#8221;box_shadow_enable:disable|shadow_horizontal:0|shadow_vertical:15|shadow_blur:50|shadow_spread:0|box_shadow_color:rgba(0%2C0%2C0%2C0.35)&#8221; hover_box_shadow=&#8221;box_shadow_enable:disable|shadow_horizontal:0|shadow_vertical:15|shadow_blur:50|shadow_spread:0|box_shadow_color:rgba(0%2C0%2C0%2C0.35)&#8221;][\/vc_column][\/vc_row]<\/p>\n","protected":false},"excerpt":{"rendered":"<p>[vc_row][vc_column][dfd_spacer screen_wide_spacer_size=&#8221;80&#8243; screen_normal_resolution=&#8221;1024&#8243; screen_tablet_resolution=&#8221;800&#8243; screen_mobile_resolution=&#8221;480&#8243; screen_normal_spacer_size=&#8221;60&#8243; screen_tablet_spacer_size=&#8221;60&#8243; screen_mobile_spacer_size=&#8221;40&#8243;][vc_column_text] Instrument electronic pentru diagnosticarea stilurilor de \u00eenv\u0103\u021bare \u0219i a proceselor cognitive pentru copiii mai mari [\/vc_column_text][dfd_single_image retina_image_size=&#8221;x2&#8243; image=&#8221;431&#8243; retina_image_x2=&#8221;436&#8243;][vc_column_text] (de la 11<\/p>\n","protected":false},"author":2,"featured_media":751,"parent":0,"menu_order":0,"comment_status":"closed","ping_status":"closed","template":"","meta":[],"yoast_head":"<!-- This site is optimized with the Yoast SEO plugin v19.6 - https:\/\/yoast.com\/wordpress\/plugins\/seo\/ -->\n<title>Instrument electronic pentru diagnosticarea stilurilor de \u00eenv\u0103\u021bare \u0219i a proceselor cognitive pentru copiii mai mari - PROLEARN<\/title>\n<meta name=\"robots\" content=\"index, follow, max-snippet:-1, max-image-preview:large, max-video-preview:-1\" \/>\n<link rel=\"canonical\" href=\"https:\/\/prolearn-project.eu\/ro\/instrument-electronic-pentru-diagnosticarea-stilurilor-de-invatare-si-a-proceselor-cognitive-pentru-copiii-mai-mari\/\" \/>\n<meta property=\"og:locale\" content=\"ro_RO\" \/>\n<meta property=\"og:type\" content=\"article\" \/>\n<meta property=\"og:title\" content=\"Instrument electronic pentru diagnosticarea stilurilor de \u00eenv\u0103\u021bare \u0219i a proceselor cognitive pentru copiii mai mari - PROLEARN\" \/>\n<meta property=\"og:description\" content=\"[vc_row][vc_column][dfd_spacer screen_wide_spacer_size=&#8221;80&#8243; screen_normal_resolution=&#8221;1024&#8243; screen_tablet_resolution=&#8221;800&#8243; screen_mobile_resolution=&#8221;480&#8243; screen_normal_spacer_size=&#8221;60&#8243; screen_tablet_spacer_size=&#8221;60&#8243; screen_mobile_spacer_size=&#8221;40&#8243;][vc_column_text] Instrument electronic pentru diagnosticarea stilurilor de \u00eenv\u0103\u021bare \u0219i a proceselor cognitive pentru copiii mai mari [\/vc_column_text][dfd_single_image retina_image_size=&#8221;x2&#8243; image=&#8221;431&#8243; retina_image_x2=&#8221;436&#8243;][vc_column_text] (de la 11\" \/>\n<meta property=\"og:url\" content=\"https:\/\/prolearn-project.eu\/ro\/instrument-electronic-pentru-diagnosticarea-stilurilor-de-invatare-si-a-proceselor-cognitive-pentru-copiii-mai-mari\/\" \/>\n<meta property=\"og:site_name\" content=\"PROLEARN\" \/>\n<meta property=\"article:publisher\" content=\"https:\/\/www.facebook.com\/prolearn.eu\/\" \/>\n<meta property=\"article:modified_time\" content=\"2022-11-15T14:34:44+00:00\" \/>\n<meta property=\"og:image\" content=\"https:\/\/prolearn-project.eu\/wp-content\/uploads\/2020\/03\/featured-image-Electronic-tool-older-children.jpg\" \/>\n\t<meta property=\"og:image:width\" content=\"1200\" \/>\n\t<meta property=\"og:image:height\" content=\"630\" \/>\n\t<meta property=\"og:image:type\" content=\"image\/jpeg\" \/>\n<meta name=\"twitter:card\" content=\"summary_large_image\" \/>\n<meta name=\"twitter:label1\" content=\"Timp estimat pentru citire\" \/>\n\t<meta name=\"twitter:data1\" content=\"2 minute\" \/>\n<script type=\"application\/ld+json\" class=\"yoast-schema-graph\">{\"@context\":\"https:\/\/schema.org\",\"@graph\":[{\"@type\":\"WebPage\",\"@id\":\"https:\/\/prolearn-project.eu\/ro\/instrument-electronic-pentru-diagnosticarea-stilurilor-de-invatare-si-a-proceselor-cognitive-pentru-copiii-mai-mari\/\",\"url\":\"https:\/\/prolearn-project.eu\/ro\/instrument-electronic-pentru-diagnosticarea-stilurilor-de-invatare-si-a-proceselor-cognitive-pentru-copiii-mai-mari\/\",\"name\":\"Instrument electronic pentru diagnosticarea stilurilor de \u00eenv\u0103\u021bare \u0219i a proceselor cognitive pentru copiii mai mari - PROLEARN\",\"isPartOf\":{\"@id\":\"https:\/\/prolearn-project.eu\/#website\"},\"datePublished\":\"2020-04-27T14:23:22+00:00\",\"dateModified\":\"2022-11-15T14:34:44+00:00\",\"breadcrumb\":{\"@id\":\"https:\/\/prolearn-project.eu\/ro\/instrument-electronic-pentru-diagnosticarea-stilurilor-de-invatare-si-a-proceselor-cognitive-pentru-copiii-mai-mari\/#breadcrumb\"},\"inLanguage\":\"ro-RO\",\"potentialAction\":[{\"@type\":\"ReadAction\",\"target\":[\"https:\/\/prolearn-project.eu\/ro\/instrument-electronic-pentru-diagnosticarea-stilurilor-de-invatare-si-a-proceselor-cognitive-pentru-copiii-mai-mari\/\"]}]},{\"@type\":\"BreadcrumbList\",\"@id\":\"https:\/\/prolearn-project.eu\/ro\/instrument-electronic-pentru-diagnosticarea-stilurilor-de-invatare-si-a-proceselor-cognitive-pentru-copiii-mai-mari\/#breadcrumb\",\"itemListElement\":[{\"@type\":\"ListItem\",\"position\":1,\"name\":\"Home\",\"item\":\"https:\/\/prolearn-project.eu\/\"},{\"@type\":\"ListItem\",\"position\":2,\"name\":\"Instrument electronic pentru diagnosticarea stilurilor de \u00eenv\u0103\u021bare \u0219i a proceselor cognitive pentru copiii mai mari\"}]},{\"@type\":\"WebSite\",\"@id\":\"https:\/\/prolearn-project.eu\/#website\",\"url\":\"https:\/\/prolearn-project.eu\/\",\"name\":\"PROLEARN\",\"description\":\"How to upskill Teachers in the new era\",\"potentialAction\":[{\"@type\":\"SearchAction\",\"target\":{\"@type\":\"EntryPoint\",\"urlTemplate\":\"https:\/\/prolearn-project.eu\/?s={search_term_string}\"},\"query-input\":\"required name=search_term_string\"}],\"inLanguage\":\"ro-RO\"}]}<\/script>\n<!-- \/ Yoast SEO plugin. -->","yoast_head_json":{"title":"Instrument electronic pentru diagnosticarea stilurilor de \u00eenv\u0103\u021bare \u0219i a proceselor cognitive pentru copiii mai mari - PROLEARN","robots":{"index":"index","follow":"follow","max-snippet":"max-snippet:-1","max-image-preview":"max-image-preview:large","max-video-preview":"max-video-preview:-1"},"canonical":"https:\/\/prolearn-project.eu\/ro\/instrument-electronic-pentru-diagnosticarea-stilurilor-de-invatare-si-a-proceselor-cognitive-pentru-copiii-mai-mari\/","og_locale":"ro_RO","og_type":"article","og_title":"Instrument electronic pentru diagnosticarea stilurilor de \u00eenv\u0103\u021bare \u0219i a proceselor cognitive pentru copiii mai mari - PROLEARN","og_description":"[vc_row][vc_column][dfd_spacer screen_wide_spacer_size=&#8221;80&#8243; screen_normal_resolution=&#8221;1024&#8243; screen_tablet_resolution=&#8221;800&#8243; screen_mobile_resolution=&#8221;480&#8243; screen_normal_spacer_size=&#8221;60&#8243; screen_tablet_spacer_size=&#8221;60&#8243; screen_mobile_spacer_size=&#8221;40&#8243;][vc_column_text] Instrument electronic pentru diagnosticarea stilurilor de \u00eenv\u0103\u021bare \u0219i a proceselor cognitive pentru copiii mai mari [\/vc_column_text][dfd_single_image retina_image_size=&#8221;x2&#8243; image=&#8221;431&#8243; retina_image_x2=&#8221;436&#8243;][vc_column_text] (de la 11","og_url":"https:\/\/prolearn-project.eu\/ro\/instrument-electronic-pentru-diagnosticarea-stilurilor-de-invatare-si-a-proceselor-cognitive-pentru-copiii-mai-mari\/","og_site_name":"PROLEARN","article_publisher":"https:\/\/www.facebook.com\/prolearn.eu\/","article_modified_time":"2022-11-15T14:34:44+00:00","og_image":[{"width":1200,"height":630,"url":"https:\/\/prolearn-project.eu\/wp-content\/uploads\/2020\/03\/featured-image-Electronic-tool-older-children.jpg","type":"image\/jpeg"}],"twitter_card":"summary_large_image","twitter_misc":{"Timp estimat pentru citire":"2 minute"},"schema":{"@context":"https:\/\/schema.org","@graph":[{"@type":"WebPage","@id":"https:\/\/prolearn-project.eu\/ro\/instrument-electronic-pentru-diagnosticarea-stilurilor-de-invatare-si-a-proceselor-cognitive-pentru-copiii-mai-mari\/","url":"https:\/\/prolearn-project.eu\/ro\/instrument-electronic-pentru-diagnosticarea-stilurilor-de-invatare-si-a-proceselor-cognitive-pentru-copiii-mai-mari\/","name":"Instrument electronic pentru diagnosticarea stilurilor de \u00eenv\u0103\u021bare \u0219i a proceselor cognitive pentru copiii mai mari - PROLEARN","isPartOf":{"@id":"https:\/\/prolearn-project.eu\/#website"},"datePublished":"2020-04-27T14:23:22+00:00","dateModified":"2022-11-15T14:34:44+00:00","breadcrumb":{"@id":"https:\/\/prolearn-project.eu\/ro\/instrument-electronic-pentru-diagnosticarea-stilurilor-de-invatare-si-a-proceselor-cognitive-pentru-copiii-mai-mari\/#breadcrumb"},"inLanguage":"ro-RO","potentialAction":[{"@type":"ReadAction","target":["https:\/\/prolearn-project.eu\/ro\/instrument-electronic-pentru-diagnosticarea-stilurilor-de-invatare-si-a-proceselor-cognitive-pentru-copiii-mai-mari\/"]}]},{"@type":"BreadcrumbList","@id":"https:\/\/prolearn-project.eu\/ro\/instrument-electronic-pentru-diagnosticarea-stilurilor-de-invatare-si-a-proceselor-cognitive-pentru-copiii-mai-mari\/#breadcrumb","itemListElement":[{"@type":"ListItem","position":1,"name":"Home","item":"https:\/\/prolearn-project.eu\/"},{"@type":"ListItem","position":2,"name":"Instrument electronic pentru diagnosticarea stilurilor de \u00eenv\u0103\u021bare \u0219i a proceselor cognitive pentru copiii mai mari"}]},{"@type":"WebSite","@id":"https:\/\/prolearn-project.eu\/#website","url":"https:\/\/prolearn-project.eu\/","name":"PROLEARN","description":"How to upskill Teachers in the new era","potentialAction":[{"@type":"SearchAction","target":{"@type":"EntryPoint","urlTemplate":"https:\/\/prolearn-project.eu\/?s={search_term_string}"},"query-input":"required name=search_term_string"}],"inLanguage":"ro-RO"}]}},"_links":{"self":[{"href":"https:\/\/prolearn-project.eu\/ro\/wp-json\/wp\/v2\/pages\/862"}],"collection":[{"href":"https:\/\/prolearn-project.eu\/ro\/wp-json\/wp\/v2\/pages"}],"about":[{"href":"https:\/\/prolearn-project.eu\/ro\/wp-json\/wp\/v2\/types\/page"}],"author":[{"embeddable":true,"href":"https:\/\/prolearn-project.eu\/ro\/wp-json\/wp\/v2\/users\/2"}],"replies":[{"embeddable":true,"href":"https:\/\/prolearn-project.eu\/ro\/wp-json\/wp\/v2\/comments?post=862"}],"version-history":[{"count":6,"href":"https:\/\/prolearn-project.eu\/ro\/wp-json\/wp\/v2\/pages\/862\/revisions"}],"predecessor-version":[{"id":2424,"href":"https:\/\/prolearn-project.eu\/ro\/wp-json\/wp\/v2\/pages\/862\/revisions\/2424"}],"wp:featuredmedia":[{"embeddable":true,"href":"https:\/\/prolearn-project.eu\/ro\/wp-json\/wp\/v2\/media\/751"}],"wp:attachment":[{"href":"https:\/\/prolearn-project.eu\/ro\/wp-json\/wp\/v2\/media?parent=862"}],"curies":[{"name":"wp","href":"https:\/\/api.w.org\/{rel}","templated":true}]}}