{"id":864,"date":"2020-04-27T14:27:32","date_gmt":"2020-04-27T14:27:32","guid":{"rendered":"https:\/\/prolearn-project.eu\/set-de-instrumente-de-instruire-pentru-profesori-si-educatori\/"},"modified":"2022-10-27T08:42:02","modified_gmt":"2022-10-27T08:42:02","slug":"set-de-instrumente-de-instruire-pentru-profesori-si-educatori","status":"publish","type":"page","link":"https:\/\/prolearn-project.eu\/ro\/set-de-instrumente-de-instruire-pentru-profesori-si-educatori\/","title":{"rendered":"Set de instrumente de instruire pentru profesori \u0219i educatori"},"content":{"rendered":"<p>[vc_row][vc_column][dfd_spacer screen_wide_spacer_size=&#8221;80&#8243; screen_normal_resolution=&#8221;1024&#8243; screen_tablet_resolution=&#8221;800&#8243; screen_mobile_resolution=&#8221;480&#8243; screen_normal_spacer_size=&#8221;60&#8243; screen_tablet_spacer_size=&#8221;60&#8243; screen_mobile_spacer_size=&#8221;40&#8243;][vc_column_text]<\/p>\n<h3 style=\"text-align: center;\">Set de instrumente de formare pentru profesori \u0219i educatori<\/h3>\n<p>[\/vc_column_text][dfd_single_image retina_image_size=&#8221;x2&#8243; image=&#8221;443&#8243; retina_image_x2=&#8221;448&#8243;][vc_column_text]Eforturile comune ale parteneriatului au dus la realizarea &#8221; Setului de instrumente de formare pentru profesori \u0219i educatori&#8221;; o platform\u0103 online gratuit\u0103 care \u00ee\u0219i propune s\u0103 \u00eembun\u0103t\u0103\u021beasc\u0103 \u0219i s\u0103 extind\u0103 cuno\u0219tin\u021bele profesorilor \u0219i educatorilor cu privire la cele mai recente descoperiri \u00een neuropedagogie: stiluri de \u00eenv\u0103\u021bare, cum s\u0103 predea copiilor, predare multisenzorial\u0103, ascultare activ\u0103, inteligen\u021be multiple \u0219i multe altele!<\/p>\n<p>Instruirea, disponibil\u0103 \u00een format e-learning \u0219i multimedia, este \u00eemp\u0103r\u021bit\u0103 \u00een patru domenii principale:<\/p>\n<p>&#8211; Psihopedagogie neuro-didactic\u0103<br \/>\n&#8211; Pluralitatea inteligen\u021bei<br \/>\n&#8211; Rela\u021bia ca strategie cheie<br \/>\n&#8211; Predarea \u0219i instrumente de formare a min\u021bii<\/p>\n<p>Fiecare domeniu este format din mai multe unit\u0103\u021bi (un total de 10 unit\u0103\u021bi) care vor introduce utilizatorul la diferite subiecte cu ajutorul prelegerilor video, studiului de materiale, exemple de exerci\u021bii care trebuie efectuate \u00een clas\u0103 \u0219i un chestionar de evaluare a \u00eenv\u0103\u021b\u0103rii.<\/p>\n<p>Instruirea este de sine st\u0103t\u0103toare, iar profesorii pot participa oric\u00e2nd la formarea selectat\u0103 \u0219i pot \u00eenv\u0103\u021ba \u00een ritmul propriu. Prin urmare, \u00eenv\u0103\u021barea \u00een ritm propriu nu necesit\u0103 prezen\u021ba unui formator extern.<\/p>\n<p>Principalele obiective ale platformei includ:<\/p>\n<p>&#8211; oferirea de cuno\u0219tin\u021be profesorilor cu privire la modul de sprijinire a elevilor \u00een mod individual;<br \/>\n&#8211; modelarea metodologiei de predare \u00een func\u021bie de nevoile elevilor;<br \/>\n&#8211; utilizarea unor metode de predare compatibile cu poten\u021bialul cognitiv al elevilor;<br \/>\n&#8211; implicarea p\u0103rin\u021bilor \u00een procesele de \u00eenv\u0103\u021bare ale copiilor lor.<\/p>\n<p>Faza de pilotare s-a \u00eencheiat cu succes cu implicarea \u0219i \u00eenscrierea pe platform\u0103 a peste 300 de profesori \u0219i educatori.[\/vc_column_text][dfd_spacer screen_wide_spacer_size=&#8221;80&#8243; screen_normal_resolution=&#8221;1024&#8243; screen_tablet_resolution=&#8221;800&#8243; screen_mobile_resolution=&#8221;480&#8243; screen_normal_spacer_size=&#8221;60&#8243; screen_tablet_spacer_size=&#8221;60&#8243; screen_mobile_spacer_size=&#8221;40&#8243;][\/vc_column][\/vc_row][vc_row][vc_column][dfd_button button_text=&#8221;Instrumente de formare&#8221; main_style=&#8221;style-2&#8243; buttom_link_src=&#8221;url:http%3A%2F%2Ftrainingtoolkit.prolearn-project.eu%2F|target:_blank&#8221; undefined=&#8221;&#8221; box_shadow=&#8221;box_shadow_enable:disable|shadow_horizontal:0|shadow_vertical:15|shadow_blur:50|shadow_spread:0|box_shadow_color:rgba(0%2C0%2C0%2C0.35)&#8221; hover_box_shadow=&#8221;box_shadow_enable:disable|shadow_horizontal:0|shadow_vertical:15|shadow_blur:50|shadow_spread:0|box_shadow_color:rgba(0%2C0%2C0%2C0.35)&#8221;][\/vc_column][\/vc_row]<\/p>\n","protected":false},"excerpt":{"rendered":"<p>[vc_row][vc_column][dfd_spacer screen_wide_spacer_size=&#8221;80&#8243; screen_normal_resolution=&#8221;1024&#8243; screen_tablet_resolution=&#8221;800&#8243; screen_mobile_resolution=&#8221;480&#8243; screen_normal_spacer_size=&#8221;60&#8243; screen_tablet_spacer_size=&#8221;60&#8243; screen_mobile_spacer_size=&#8221;40&#8243;][vc_column_text] Set de instrumente de formare pentru profesori \u0219i educatori [\/vc_column_text][dfd_single_image retina_image_size=&#8221;x2&#8243; image=&#8221;443&#8243; retina_image_x2=&#8221;448&#8243;][vc_column_text]Eforturile comune ale parteneriatului au dus la realizarea &#8221; Setului<\/p>\n","protected":false},"author":2,"featured_media":731,"parent":0,"menu_order":0,"comment_status":"closed","ping_status":"closed","template":"","meta":[],"yoast_head":"<!-- This site is optimized with the Yoast SEO plugin v19.6 - https:\/\/yoast.com\/wordpress\/plugins\/seo\/ -->\n<title>Set de instrumente de instruire pentru profesori \u0219i educatori - PROLEARN<\/title>\n<meta name=\"robots\" content=\"index, follow, max-snippet:-1, max-image-preview:large, max-video-preview:-1\" \/>\n<link rel=\"canonical\" href=\"https:\/\/prolearn-project.eu\/for-teachers\/\" \/>\n<meta property=\"og:locale\" content=\"ro_RO\" \/>\n<meta property=\"og:type\" content=\"article\" \/>\n<meta property=\"og:title\" content=\"Set de instrumente de instruire pentru profesori \u0219i educatori - PROLEARN\" \/>\n<meta property=\"og:description\" content=\"[vc_row][vc_column][dfd_spacer screen_wide_spacer_size=&#8221;80&#8243; screen_normal_resolution=&#8221;1024&#8243; screen_tablet_resolution=&#8221;800&#8243; screen_mobile_resolution=&#8221;480&#8243; screen_normal_spacer_size=&#8221;60&#8243; screen_tablet_spacer_size=&#8221;60&#8243; screen_mobile_spacer_size=&#8221;40&#8243;][vc_column_text] Set de instrumente de formare pentru profesori \u0219i educatori [\/vc_column_text][dfd_single_image retina_image_size=&#8221;x2&#8243; image=&#8221;443&#8243; retina_image_x2=&#8221;448&#8243;][vc_column_text]Eforturile comune ale parteneriatului au dus la realizarea &#8221; Setului\" \/>\n<meta property=\"og:url\" content=\"https:\/\/prolearn-project.eu\/for-teachers\/\" \/>\n<meta property=\"og:site_name\" content=\"PROLEARN\" \/>\n<meta property=\"article:publisher\" content=\"https:\/\/www.facebook.com\/prolearn.eu\/\" \/>\n<meta property=\"article:modified_time\" content=\"2022-10-27T08:42:02+00:00\" \/>\n<meta property=\"og:image\" content=\"https:\/\/prolearn-project.eu\/wp-content\/uploads\/2020\/03\/featured-image-training-prolearn.jpg\" \/>\n\t<meta property=\"og:image:width\" content=\"1200\" \/>\n\t<meta property=\"og:image:height\" content=\"630\" \/>\n\t<meta property=\"og:image:type\" content=\"image\/jpeg\" \/>\n<meta name=\"twitter:card\" content=\"summary_large_image\" \/>\n<meta name=\"twitter:label1\" content=\"Timp estimat pentru citire\" \/>\n\t<meta name=\"twitter:data1\" content=\"2 minute\" \/>\n<script type=\"application\/ld+json\" class=\"yoast-schema-graph\">{\"@context\":\"https:\/\/schema.org\",\"@graph\":[{\"@type\":\"WebPage\",\"@id\":\"https:\/\/prolearn-project.eu\/for-teachers\/\",\"url\":\"https:\/\/prolearn-project.eu\/for-teachers\/\",\"name\":\"Set de instrumente de instruire pentru profesori \u0219i educatori - PROLEARN\",\"isPartOf\":{\"@id\":\"https:\/\/prolearn-project.eu\/#website\"},\"datePublished\":\"2020-04-27T14:27:32+00:00\",\"dateModified\":\"2022-10-27T08:42:02+00:00\",\"breadcrumb\":{\"@id\":\"https:\/\/prolearn-project.eu\/for-teachers\/#breadcrumb\"},\"inLanguage\":\"ro-RO\",\"potentialAction\":[{\"@type\":\"ReadAction\",\"target\":[\"https:\/\/prolearn-project.eu\/for-teachers\/\"]}]},{\"@type\":\"BreadcrumbList\",\"@id\":\"https:\/\/prolearn-project.eu\/for-teachers\/#breadcrumb\",\"itemListElement\":[{\"@type\":\"ListItem\",\"position\":1,\"name\":\"Home\",\"item\":\"https:\/\/prolearn-project.eu\/\"},{\"@type\":\"ListItem\",\"position\":2,\"name\":\"Set de instrumente de instruire pentru profesori \u0219i educatori\"}]},{\"@type\":\"WebSite\",\"@id\":\"https:\/\/prolearn-project.eu\/#website\",\"url\":\"https:\/\/prolearn-project.eu\/\",\"name\":\"PROLEARN\",\"description\":\"How to upskill Teachers in the new era\",\"potentialAction\":[{\"@type\":\"SearchAction\",\"target\":{\"@type\":\"EntryPoint\",\"urlTemplate\":\"https:\/\/prolearn-project.eu\/?s={search_term_string}\"},\"query-input\":\"required name=search_term_string\"}],\"inLanguage\":\"ro-RO\"}]}<\/script>\n<!-- \/ Yoast SEO plugin. -->","yoast_head_json":{"title":"Set de instrumente de instruire pentru profesori \u0219i educatori - PROLEARN","robots":{"index":"index","follow":"follow","max-snippet":"max-snippet:-1","max-image-preview":"max-image-preview:large","max-video-preview":"max-video-preview:-1"},"canonical":"https:\/\/prolearn-project.eu\/for-teachers\/","og_locale":"ro_RO","og_type":"article","og_title":"Set de instrumente de instruire pentru profesori \u0219i educatori - PROLEARN","og_description":"[vc_row][vc_column][dfd_spacer screen_wide_spacer_size=&#8221;80&#8243; screen_normal_resolution=&#8221;1024&#8243; screen_tablet_resolution=&#8221;800&#8243; screen_mobile_resolution=&#8221;480&#8243; screen_normal_spacer_size=&#8221;60&#8243; screen_tablet_spacer_size=&#8221;60&#8243; screen_mobile_spacer_size=&#8221;40&#8243;][vc_column_text] Set de instrumente de formare pentru profesori \u0219i educatori [\/vc_column_text][dfd_single_image retina_image_size=&#8221;x2&#8243; image=&#8221;443&#8243; retina_image_x2=&#8221;448&#8243;][vc_column_text]Eforturile comune ale parteneriatului au dus la realizarea &#8221; Setului","og_url":"https:\/\/prolearn-project.eu\/for-teachers\/","og_site_name":"PROLEARN","article_publisher":"https:\/\/www.facebook.com\/prolearn.eu\/","article_modified_time":"2022-10-27T08:42:02+00:00","og_image":[{"width":1200,"height":630,"url":"https:\/\/prolearn-project.eu\/wp-content\/uploads\/2020\/03\/featured-image-training-prolearn.jpg","type":"image\/jpeg"}],"twitter_card":"summary_large_image","twitter_misc":{"Timp estimat pentru citire":"2 minute"},"schema":{"@context":"https:\/\/schema.org","@graph":[{"@type":"WebPage","@id":"https:\/\/prolearn-project.eu\/for-teachers\/","url":"https:\/\/prolearn-project.eu\/for-teachers\/","name":"Set de instrumente de instruire pentru profesori \u0219i educatori - PROLEARN","isPartOf":{"@id":"https:\/\/prolearn-project.eu\/#website"},"datePublished":"2020-04-27T14:27:32+00:00","dateModified":"2022-10-27T08:42:02+00:00","breadcrumb":{"@id":"https:\/\/prolearn-project.eu\/for-teachers\/#breadcrumb"},"inLanguage":"ro-RO","potentialAction":[{"@type":"ReadAction","target":["https:\/\/prolearn-project.eu\/for-teachers\/"]}]},{"@type":"BreadcrumbList","@id":"https:\/\/prolearn-project.eu\/for-teachers\/#breadcrumb","itemListElement":[{"@type":"ListItem","position":1,"name":"Home","item":"https:\/\/prolearn-project.eu\/"},{"@type":"ListItem","position":2,"name":"Set de instrumente de instruire pentru profesori \u0219i educatori"}]},{"@type":"WebSite","@id":"https:\/\/prolearn-project.eu\/#website","url":"https:\/\/prolearn-project.eu\/","name":"PROLEARN","description":"How to upskill Teachers in the new era","potentialAction":[{"@type":"SearchAction","target":{"@type":"EntryPoint","urlTemplate":"https:\/\/prolearn-project.eu\/?s={search_term_string}"},"query-input":"required name=search_term_string"}],"inLanguage":"ro-RO"}]}},"_links":{"self":[{"href":"https:\/\/prolearn-project.eu\/ro\/wp-json\/wp\/v2\/pages\/864"}],"collection":[{"href":"https:\/\/prolearn-project.eu\/ro\/wp-json\/wp\/v2\/pages"}],"about":[{"href":"https:\/\/prolearn-project.eu\/ro\/wp-json\/wp\/v2\/types\/page"}],"author":[{"embeddable":true,"href":"https:\/\/prolearn-project.eu\/ro\/wp-json\/wp\/v2\/users\/2"}],"replies":[{"embeddable":true,"href":"https:\/\/prolearn-project.eu\/ro\/wp-json\/wp\/v2\/comments?post=864"}],"version-history":[{"count":4,"href":"https:\/\/prolearn-project.eu\/ro\/wp-json\/wp\/v2\/pages\/864\/revisions"}],"predecessor-version":[{"id":2362,"href":"https:\/\/prolearn-project.eu\/ro\/wp-json\/wp\/v2\/pages\/864\/revisions\/2362"}],"wp:featuredmedia":[{"embeddable":true,"href":"https:\/\/prolearn-project.eu\/ro\/wp-json\/wp\/v2\/media\/731"}],"wp:attachment":[{"href":"https:\/\/prolearn-project.eu\/ro\/wp-json\/wp\/v2\/media?parent=864"}],"curies":[{"name":"wp","href":"https:\/\/api.w.org\/{rel}","templated":true}]}}