{"id":866,"date":"2020-04-27T14:30:09","date_gmt":"2020-04-27T14:30:09","guid":{"rendered":"https:\/\/prolearn-project.eu\/setul-de-instrumente-educationale-pentru-elevi\/"},"modified":"2022-10-27T08:42:28","modified_gmt":"2022-10-27T08:42:28","slug":"setul-de-instrumente-educationale-pentru-elevi","status":"publish","type":"page","link":"https:\/\/prolearn-project.eu\/ro\/setul-de-instrumente-educationale-pentru-elevi\/","title":{"rendered":"Setul de instrumente educa\u021bionale pentru elevi"},"content":{"rendered":"<p>[vc_row][vc_column][dfd_spacer screen_wide_spacer_size=&#8221;80&#8243; screen_normal_resolution=&#8221;1024&#8243; screen_tablet_resolution=&#8221;800&#8243; screen_mobile_resolution=&#8221;480&#8243; screen_normal_spacer_size=&#8221;60&#8243; screen_tablet_spacer_size=&#8221;60&#8243; screen_mobile_spacer_size=&#8221;40&#8243;][vc_column_text]<\/p>\n<h3 style=\"text-align: center;\">Jocuri educa\u021bionale \u0219i sarcini pentru elevi<\/h3>\n<p>[\/vc_column_text][dfd_single_image retina_image_size=&#8221;x2&#8243; image=&#8221;455&#8243; retina_image_x2=&#8221;460&#8243;][vc_column_text]Scopul acestui produs este de a dezvolta func\u021bii cognitive \u0219i de a sprijini elevii \u00een dezvoltarea abilit\u0103\u021bilor eficiente de \u00eenv\u0103\u021bare, folosind resurse \u0219i \u00eentregul poten\u021bial al creierului.<\/p>\n<p>Produsul con\u021bine un set unic de exerci\u021bii scurte pentru a sprijini \/ dezvolta procese cognitive favorabile \u00eenv\u0103\u021b\u0103rii eficiente \u0219i exerci\u021bii care dezvolt\u0103 diverse tehnici \u0219i metode de \u00eenv\u0103\u021bare. Produsul este destinat utiliz\u0103rii de c\u0103tre elevii cu v\u00e2rste cuprinse \u00eentre 6 \u0219i 14 ani. Exerci\u021biile vor fi sunt \u00eemp\u0103r\u021bite \u00een trei grupe de v\u00e2rst\u0103: 6-7 ani , 8-10 ani \u0219i 11-14 ani . O astfel de diviziune este dictat\u0103 de nivelul de dezvoltare intelectual\u0103 a studen\u021bilor \u0219i de necesitatea de a ajusta nivelul de dificultate \u0219i domeniul de aplicare al anumitor sarcini \/ exerci\u021bii. Au fost elaborate 56 de exerci\u021bii \u00een total pentru cele trei grupe de v\u00e2rst\u0103; 13 exerci\u021bii pentru 6-7 ani , 20 de exerci\u021bii pentru 8-10 ani \u0219i 25 de exerci\u021bii pentru 11-14 ani . \u00cen setul de instrumente , majoritatea jocurilor\/ exerci\u021biilor includ diferite niveluri de dificultate, astfel \u00eenc\u00e2t s\u0103 se asigure c\u0103 elevii \u00ee\u0219i pot antrena abilit\u0103\u021bile \u00een diferite categorii, cum ar fi : Memorie, G\u00e2ndire, Aten\u021bie, Percep\u021bie \u0219i \u00cenv\u0103\u021bare eficient\u0103.<br \/>\nPoate fi un program de dezvoltare pentru o perioad\u0103 de 30 de zile.<\/p>\n<p>\u00cen fiecare zi , elevul poate \u00eenv\u0103\u021ba noi informa\u021bii despre \u00eenv\u0103\u021barea eficient\u0103 (video) sau poate dezvolta poten\u021bialul creierului s\u0103u (exerci\u021bii, sarcini). \u00cen plus, produsul poate fi utilizat de profesori \u00een timpul lec\u021biilor, precum \u0219i de p\u0103rin\u021bi interesa\u021bi s\u0103 sprijine copiii \u00een \u00eenv\u0103\u021barea eficient\u0103.<\/p>\n<p>Platforma de internet con\u021bine jocuri \u0219i sarcini care au forma de jocuri de puzzle, labirinturi, sarcini care dezvolt\u0103 imagina\u021bia spa\u021bial\u0103, sarcini care necesit\u0103 concentrare sau coordonare vizual\u0103. Aceste exerci\u021bii includ urm\u0103toarele : (1) rezolvarea de jocuri puzzle logice \u0219i matematice (2) ajustarea pe ecranul unui smartphone \/ tablet\u0103 elemente pentru a crea o imagine (3) g\u0103sirea \u0219irurilor de litere indicate \u00een sarcin\u0103 (4) num\u0103rarea pe imagini tridimensionale, de exemplu , c\u00e2te p\u0103trate au fost folosite pentru a construi o anumit\u0103 structur\u0103 (5) rapid num\u0103rarea cifrelor indicate, printre multele afi\u0219ate pe ecran (6) r\u0103spuns rapid \u0219i ap\u0103sarea , de exemplu, pe elementele emergente (7) g\u0103sirea drumului spre obiectiv \u2013 labirinturi.<\/p>\n<p>\u00cendeplinirea acestor sarcini de c\u0103tre elev stimuleaz\u0103 poten\u021bialul creierului \u2013 dezvoltarea func\u021biilor cognitive ale copiilor \u0219i adolescen\u021bilor. Ideea acestei solu\u021bii este de a se dezvolta prin joc, folosind tehnologii moderne \u0219i un smartphone sau o tablet\u0103. \u00cen plus, aplica\u021bia con\u021bine videoclipuri scurte ( desene animate de 2-3 minute) cu sfaturi utile privind \u00eenv\u0103\u021barea eficient\u0103. Dup\u0103 vizionarea lor, elevul va primi prime\u0219te o sarcin\u0103 de f\u0103cut &#8211; de exemplu, punerea \u00een aplicare a indiciilor din film \u00een procesul de \u00eenv\u0103\u021bare. Toate rezultatele proiectului au poten\u021bial de transfer \u0219i exploatare \u0219i \u00een alte \u021b\u0103ri europene.<\/p>\n<p>Jocuri \u0219i sarcini educa\u021bionale<br \/>\nAceast\u0103 cale de comunicare (site-ul web) reflect\u0103 numai punctele de vedere ale autorului , iar Comisia nu poate fi tras\u0103 la r\u0103spundere pentru nicio utilizare a informa\u021biilor con\u021binute de acestea.[\/vc_column_text][dfd_spacer screen_wide_spacer_size=&#8221;80&#8243; screen_normal_resolution=&#8221;1024&#8243; screen_tablet_resolution=&#8221;800&#8243; screen_mobile_resolution=&#8221;480&#8243; screen_normal_spacer_size=&#8221;60&#8243; screen_tablet_spacer_size=&#8221;60&#8243; screen_mobile_spacer_size=&#8221;40&#8243;][\/vc_column][\/vc_row][vc_row][vc_column][dfd_button button_text=&#8221;Exerci\u021bii&#8221; main_style=&#8221;style-2&#8243; undefined=&#8221;&#8221; box_shadow=&#8221;box_shadow_enable:disable|shadow_horizontal:0|shadow_vertical:15|shadow_blur:50|shadow_spread:0|box_shadow_color:rgba(0%2C0%2C0%2C0.35)&#8221; hover_box_shadow=&#8221;box_shadow_enable:disable|shadow_horizontal:0|shadow_vertical:15|shadow_blur:50|shadow_spread:0|box_shadow_color:rgba(0%2C0%2C0%2C0.35)&#8221; buttom_link_src=&#8221;url:https%3A%2F%2Fro.exercises.prolearn-project.eu%2F|target:_blank&#8221;][\/vc_column][\/vc_row]<\/p>\n","protected":false},"excerpt":{"rendered":"<p>[vc_row][vc_column][dfd_spacer screen_wide_spacer_size=&#8221;80&#8243; screen_normal_resolution=&#8221;1024&#8243; screen_tablet_resolution=&#8221;800&#8243; screen_mobile_resolution=&#8221;480&#8243; screen_normal_spacer_size=&#8221;60&#8243; screen_tablet_spacer_size=&#8221;60&#8243; screen_mobile_spacer_size=&#8221;40&#8243;][vc_column_text] Jocuri educa\u021bionale \u0219i sarcini pentru elevi [\/vc_column_text][dfd_single_image retina_image_size=&#8221;x2&#8243; image=&#8221;455&#8243; retina_image_x2=&#8221;460&#8243;][vc_column_text]Scopul acestui produs este de a dezvolta func\u021bii cognitive \u0219i de a sprijini<\/p>\n","protected":false},"author":2,"featured_media":746,"parent":0,"menu_order":0,"comment_status":"closed","ping_status":"closed","template":"","meta":[],"yoast_head":"<!-- This site is optimized with the Yoast SEO plugin v19.6 - https:\/\/yoast.com\/wordpress\/plugins\/seo\/ -->\n<title>Setul de instrumente educa\u021bionale pentru elevi - PROLEARN<\/title>\n<meta name=\"robots\" content=\"index, follow, max-snippet:-1, max-image-preview:large, max-video-preview:-1\" \/>\n<link rel=\"canonical\" href=\"https:\/\/prolearn-project.eu\/for-students\/\" \/>\n<meta property=\"og:locale\" content=\"ro_RO\" \/>\n<meta property=\"og:type\" content=\"article\" \/>\n<meta property=\"og:title\" content=\"Setul de instrumente educa\u021bionale pentru elevi - PROLEARN\" \/>\n<meta property=\"og:description\" content=\"[vc_row][vc_column][dfd_spacer screen_wide_spacer_size=&#8221;80&#8243; screen_normal_resolution=&#8221;1024&#8243; screen_tablet_resolution=&#8221;800&#8243; screen_mobile_resolution=&#8221;480&#8243; screen_normal_spacer_size=&#8221;60&#8243; screen_tablet_spacer_size=&#8221;60&#8243; screen_mobile_spacer_size=&#8221;40&#8243;][vc_column_text] Jocuri educa\u021bionale \u0219i sarcini pentru elevi [\/vc_column_text][dfd_single_image retina_image_size=&#8221;x2&#8243; image=&#8221;455&#8243; retina_image_x2=&#8221;460&#8243;][vc_column_text]Scopul acestui produs este de a dezvolta func\u021bii cognitive \u0219i de a sprijini\" \/>\n<meta property=\"og:url\" content=\"https:\/\/prolearn-project.eu\/for-students\/\" \/>\n<meta property=\"og:site_name\" content=\"PROLEARN\" \/>\n<meta property=\"article:publisher\" content=\"https:\/\/www.facebook.com\/prolearn.eu\/\" \/>\n<meta property=\"article:modified_time\" content=\"2022-10-27T08:42:28+00:00\" \/>\n<meta property=\"og:image\" content=\"https:\/\/prolearn-project.eu\/wp-content\/uploads\/2020\/03\/featured-image-Educational-Toolkit.jpg\" \/>\n\t<meta property=\"og:image:width\" content=\"1200\" \/>\n\t<meta property=\"og:image:height\" content=\"630\" \/>\n\t<meta property=\"og:image:type\" content=\"image\/jpeg\" \/>\n<meta name=\"twitter:card\" content=\"summary_large_image\" \/>\n<meta name=\"twitter:label1\" content=\"Timp estimat pentru citire\" \/>\n\t<meta name=\"twitter:data1\" content=\"3 minute\" \/>\n<script type=\"application\/ld+json\" class=\"yoast-schema-graph\">{\"@context\":\"https:\/\/schema.org\",\"@graph\":[{\"@type\":\"WebPage\",\"@id\":\"https:\/\/prolearn-project.eu\/for-students\/\",\"url\":\"https:\/\/prolearn-project.eu\/for-students\/\",\"name\":\"Setul de instrumente educa\u021bionale pentru elevi - PROLEARN\",\"isPartOf\":{\"@id\":\"https:\/\/prolearn-project.eu\/#website\"},\"datePublished\":\"2020-04-27T14:30:09+00:00\",\"dateModified\":\"2022-10-27T08:42:28+00:00\",\"breadcrumb\":{\"@id\":\"https:\/\/prolearn-project.eu\/for-students\/#breadcrumb\"},\"inLanguage\":\"ro-RO\",\"potentialAction\":[{\"@type\":\"ReadAction\",\"target\":[\"https:\/\/prolearn-project.eu\/for-students\/\"]}]},{\"@type\":\"BreadcrumbList\",\"@id\":\"https:\/\/prolearn-project.eu\/for-students\/#breadcrumb\",\"itemListElement\":[{\"@type\":\"ListItem\",\"position\":1,\"name\":\"Home\",\"item\":\"https:\/\/prolearn-project.eu\/\"},{\"@type\":\"ListItem\",\"position\":2,\"name\":\"Setul de instrumente educa\u021bionale pentru elevi\"}]},{\"@type\":\"WebSite\",\"@id\":\"https:\/\/prolearn-project.eu\/#website\",\"url\":\"https:\/\/prolearn-project.eu\/\",\"name\":\"PROLEARN\",\"description\":\"How to upskill Teachers in the new era\",\"potentialAction\":[{\"@type\":\"SearchAction\",\"target\":{\"@type\":\"EntryPoint\",\"urlTemplate\":\"https:\/\/prolearn-project.eu\/?s={search_term_string}\"},\"query-input\":\"required name=search_term_string\"}],\"inLanguage\":\"ro-RO\"}]}<\/script>\n<!-- \/ Yoast SEO plugin. -->","yoast_head_json":{"title":"Setul de instrumente educa\u021bionale pentru elevi - PROLEARN","robots":{"index":"index","follow":"follow","max-snippet":"max-snippet:-1","max-image-preview":"max-image-preview:large","max-video-preview":"max-video-preview:-1"},"canonical":"https:\/\/prolearn-project.eu\/for-students\/","og_locale":"ro_RO","og_type":"article","og_title":"Setul de instrumente educa\u021bionale pentru elevi - PROLEARN","og_description":"[vc_row][vc_column][dfd_spacer screen_wide_spacer_size=&#8221;80&#8243; screen_normal_resolution=&#8221;1024&#8243; screen_tablet_resolution=&#8221;800&#8243; screen_mobile_resolution=&#8221;480&#8243; screen_normal_spacer_size=&#8221;60&#8243; screen_tablet_spacer_size=&#8221;60&#8243; screen_mobile_spacer_size=&#8221;40&#8243;][vc_column_text] Jocuri educa\u021bionale \u0219i sarcini pentru elevi [\/vc_column_text][dfd_single_image retina_image_size=&#8221;x2&#8243; image=&#8221;455&#8243; retina_image_x2=&#8221;460&#8243;][vc_column_text]Scopul acestui produs este de a dezvolta func\u021bii cognitive \u0219i de a sprijini","og_url":"https:\/\/prolearn-project.eu\/for-students\/","og_site_name":"PROLEARN","article_publisher":"https:\/\/www.facebook.com\/prolearn.eu\/","article_modified_time":"2022-10-27T08:42:28+00:00","og_image":[{"width":1200,"height":630,"url":"https:\/\/prolearn-project.eu\/wp-content\/uploads\/2020\/03\/featured-image-Educational-Toolkit.jpg","type":"image\/jpeg"}],"twitter_card":"summary_large_image","twitter_misc":{"Timp estimat pentru citire":"3 minute"},"schema":{"@context":"https:\/\/schema.org","@graph":[{"@type":"WebPage","@id":"https:\/\/prolearn-project.eu\/for-students\/","url":"https:\/\/prolearn-project.eu\/for-students\/","name":"Setul de instrumente educa\u021bionale pentru elevi - PROLEARN","isPartOf":{"@id":"https:\/\/prolearn-project.eu\/#website"},"datePublished":"2020-04-27T14:30:09+00:00","dateModified":"2022-10-27T08:42:28+00:00","breadcrumb":{"@id":"https:\/\/prolearn-project.eu\/for-students\/#breadcrumb"},"inLanguage":"ro-RO","potentialAction":[{"@type":"ReadAction","target":["https:\/\/prolearn-project.eu\/for-students\/"]}]},{"@type":"BreadcrumbList","@id":"https:\/\/prolearn-project.eu\/for-students\/#breadcrumb","itemListElement":[{"@type":"ListItem","position":1,"name":"Home","item":"https:\/\/prolearn-project.eu\/"},{"@type":"ListItem","position":2,"name":"Setul de instrumente educa\u021bionale pentru elevi"}]},{"@type":"WebSite","@id":"https:\/\/prolearn-project.eu\/#website","url":"https:\/\/prolearn-project.eu\/","name":"PROLEARN","description":"How to upskill Teachers in the new era","potentialAction":[{"@type":"SearchAction","target":{"@type":"EntryPoint","urlTemplate":"https:\/\/prolearn-project.eu\/?s={search_term_string}"},"query-input":"required name=search_term_string"}],"inLanguage":"ro-RO"}]}},"_links":{"self":[{"href":"https:\/\/prolearn-project.eu\/ro\/wp-json\/wp\/v2\/pages\/866"}],"collection":[{"href":"https:\/\/prolearn-project.eu\/ro\/wp-json\/wp\/v2\/pages"}],"about":[{"href":"https:\/\/prolearn-project.eu\/ro\/wp-json\/wp\/v2\/types\/page"}],"author":[{"embeddable":true,"href":"https:\/\/prolearn-project.eu\/ro\/wp-json\/wp\/v2\/users\/2"}],"replies":[{"embeddable":true,"href":"https:\/\/prolearn-project.eu\/ro\/wp-json\/wp\/v2\/comments?post=866"}],"version-history":[{"count":3,"href":"https:\/\/prolearn-project.eu\/ro\/wp-json\/wp\/v2\/pages\/866\/revisions"}],"predecessor-version":[{"id":2282,"href":"https:\/\/prolearn-project.eu\/ro\/wp-json\/wp\/v2\/pages\/866\/revisions\/2282"}],"wp:featuredmedia":[{"embeddable":true,"href":"https:\/\/prolearn-project.eu\/ro\/wp-json\/wp\/v2\/media\/746"}],"wp:attachment":[{"href":"https:\/\/prolearn-project.eu\/ro\/wp-json\/wp\/v2\/media?parent=866"}],"curies":[{"name":"wp","href":"https:\/\/api.w.org\/{rel}","templated":true}]}}